{"id":2141,"date":"2022-02-15T14:54:43","date_gmt":"2022-02-15T14:54:43","guid":{"rendered":"https:\/\/quintadeguimaraes.com\/our-wines\/"},"modified":"2022-06-16T12:35:38","modified_gmt":"2022-06-16T12:35:38","slug":"wine","status":"publish","type":"page","link":"https:\/\/quintadeguimaraes.com\/en\/wine\/","title":{"rendered":"Wine"},"content":{"rendered":"\t\t<div data-elementor-type=\"wp-page\" data-elementor-id=\"2141\" class=\"elementor elementor-2141 elementor-584\" data-elementor-post-type=\"page\">\n\t\t\t\t\t\t<section class=\"elementor-section elementor-top-section elementor-element elementor-element-a3b340d elementor-section-full_width elementor-section-height-default elementor-section-height-default\" data-id=\"a3b340d\" data-element_type=\"section\" data-settings=\"{&quot;jet_parallax_layout_list&quot;:[]}\">\n\t\t\t\t\t\t<div class=\"elementor-container elementor-column-gap-default\">\n\t\t\t\t\t<div class=\"elementor-column elementor-col-50 elementor-top-column elementor-element elementor-element-a930f38\" data-id=\"a930f38\" data-element_type=\"column\" data-settings=\"{&quot;background_background&quot;:&quot;classic&quot;}\">\n\t\t\t<div class=\"elementor-widget-wrap elementor-element-populated\">\n\t\t\t\t\t\t<div class=\"elementor-element elementor-element-8ca5602 elementor-widget elementor-widget-heading\" data-id=\"8ca5602\" data-element_type=\"widget\" data-widget_type=\"heading.default\">\n\t\t\t\t<div class=\"elementor-widget-container\">\n\t\t\t\t\t<h2 class=\"elementor-heading-title elementor-size-default\">Wine<\/h2>\t\t\t\t<\/div>\n\t\t\t\t<\/div>\n\t\t\t\t<div class=\"elementor-element elementor-element-47bd904 elementor-widget elementor-widget-text-editor\" data-id=\"47bd904\" data-element_type=\"widget\" data-widget_type=\"text-editor.default\">\n\t\t\t\t<div class=\"elementor-widget-container\">\n\t\t\t\t\t\t\t\t\t<p>In the southeast of the Vinhos Verdes Region, already at the heart of the Douro valley, the Cazas Novas Wine was born. The name Cazas Novas has its origin in one of the centenary family estates, owned by the Cunha Coutinho family for seven generations. The Quinta de Guimar\u00e3es\u2019 vineyards, together with the vineyards of three other family properties give rise to this wine project, dedicated to one of the most exciting and exclusive Portuguese white grape varieties &#8211; Avesso.<\/p>\n<p>Learn about <a href=\"https:\/\/www.cazasnovas.pt\/en-gb\" target=\"_blank\" rel=\"noopener\">Cazas Novas Wines<\/a> &#8211; a partnership with four entrepreneurs: Carlos Coutinho, Diogo Lopes, Vasco Magalh\u00e3es and Andr\u00e9 Miranda.<\/p>\n\t\t\t\t\t\t\t\t<\/div>\n\t\t\t\t<\/div>\n\t\t\t\t<div class=\"elementor-element elementor-element-e3bc12b elementor-widget elementor-widget-image\" data-id=\"e3bc12b\" data-element_type=\"widget\" data-widget_type=\"image.default\">\n\t\t\t\t<div class=\"elementor-widget-container\">\n\t\t\t\t\t\t\t\t\t\t\t\t\t\t\t<img fetchpriority=\"high\" decoding=\"async\" width=\"500\" height=\"298\" src=\"https:\/\/quintadeguimaraes.com\/wp-content\/uploads\/2022\/02\/quinta-de-guimaraes-cazas-novas.jpg\" class=\"attachment-large size-large wp-image-605\" alt=\"\" srcset=\"https:\/\/quintadeguimaraes.com\/wp-content\/uploads\/2022\/02\/quinta-de-guimaraes-cazas-novas.jpg 500w, https:\/\/quintadeguimaraes.com\/wp-content\/uploads\/2022\/02\/quinta-de-guimaraes-cazas-novas-300x179.jpg 300w\" sizes=\"(max-width: 500px) 100vw, 500px\" \/>\t\t\t\t\t\t\t\t\t\t\t\t\t\t\t<\/div>\n\t\t\t\t<\/div>\n\t\t\t\t\t<\/div>\n\t\t<\/div>\n\t\t\t\t<div class=\"elementor-column elementor-col-50 elementor-top-column elementor-element elementor-element-ff2d56b\" data-id=\"ff2d56b\" data-element_type=\"column\" data-settings=\"{&quot;background_background&quot;:&quot;classic&quot;}\">\n\t\t\t<div class=\"elementor-widget-wrap elementor-element-populated\">\n\t\t\t\t\t\t<div class=\"elementor-element elementor-element-80d5299 elementor-widget elementor-widget-spacer\" data-id=\"80d5299\" data-element_type=\"widget\" data-widget_type=\"spacer.default\">\n\t\t\t\t<div class=\"elementor-widget-container\">\n\t\t\t\t\t\t\t<div class=\"elementor-spacer\">\n\t\t\t<div class=\"elementor-spacer-inner\"><\/div>\n\t\t<\/div>\n\t\t\t\t\t\t<\/div>\n\t\t\t\t<\/div>\n\t\t\t\t\t<\/div>\n\t\t<\/div>\n\t\t\t\t\t<\/div>\n\t\t<\/section>\n\t\t\t\t<section class=\"elementor-section elementor-top-section elementor-element elementor-element-d363c8c elementor-section-full_width elementor-section-height-default elementor-section-height-default\" data-id=\"d363c8c\" data-element_type=\"section\" data-settings=\"{&quot;jet_parallax_layout_list&quot;:[]}\">\n\t\t\t\t\t\t<div class=\"elementor-container elementor-column-gap-default\">\n\t\t\t\t\t<div class=\"elementor-column elementor-col-100 elementor-top-column elementor-element elementor-element-868f7c5\" data-id=\"868f7c5\" data-element_type=\"column\">\n\t\t\t<div class=\"elementor-widget-wrap elementor-element-populated\">\n\t\t\t\t\t\t<div class=\"elementor-element elementor-element-450ac26 elementor-widget elementor-widget-gallery\" data-id=\"450ac26\" data-element_type=\"widget\" data-settings=\"{&quot;columns&quot;:3,&quot;gap&quot;:{&quot;unit&quot;:&quot;px&quot;,&quot;size&quot;:5,&quot;sizes&quot;:[]},&quot;gap_mobile&quot;:{&quot;unit&quot;:&quot;px&quot;,&quot;size&quot;:0,&quot;sizes&quot;:[]},&quot;gap_tablet&quot;:{&quot;unit&quot;:&quot;px&quot;,&quot;size&quot;:0,&quot;sizes&quot;:[]},&quot;aspect_ratio&quot;:&quot;1:1&quot;,&quot;lazyload&quot;:&quot;yes&quot;,&quot;gallery_layout&quot;:&quot;grid&quot;,&quot;columns_tablet&quot;:2,&quot;columns_mobile&quot;:1,&quot;link_to&quot;:&quot;file&quot;,&quot;overlay_background&quot;:&quot;yes&quot;,&quot;content_hover_animation&quot;:&quot;fade-in&quot;}\" data-widget_type=\"gallery.default\">\n\t\t\t\t<div class=\"elementor-widget-container\">\n\t\t\t\t\t\t\t<div class=\"elementor-gallery__container\">\n\t\t\t\t\t\t\t<a class=\"e-gallery-item elementor-gallery-item elementor-animated-content\" href=\"https:\/\/quintadeguimaraes.com\/wp-content\/uploads\/2022\/02\/Grupo-51.jpg\" data-elementor-open-lightbox=\"yes\" data-elementor-lightbox-slideshow=\"450ac26\" data-elementor-lightbox-title=\"Grupo 51\" data-e-action-hash=\"#elementor-action%3Aaction%3Dlightbox%26settings%3DeyJpZCI6NjA5LCJ1cmwiOiJodHRwczpcL1wvcXVpbnRhZGVndWltYXJhZXMuY29tXC93cC1jb250ZW50XC91cGxvYWRzXC8yMDIyXC8wMlwvR3J1cG8tNTEuanBnIiwic2xpZGVzaG93IjoiNDUwYWMyNiJ9\">\n\t\t\t\t\t<div class=\"e-gallery-image elementor-gallery-item__image\" data-thumbnail=\"https:\/\/quintadeguimaraes.com\/wp-content\/uploads\/2022\/02\/Grupo-51.jpg\" data-width=\"571\" data-height=\"580\" aria-label=\"\" role=\"img\" ><\/div>\n\t\t\t\t\t\t\t\t\t\t\t<div class=\"elementor-gallery-item__overlay\"><\/div>\n\t\t\t\t\t\t\t\t\t\t\t\t\t\t<\/a>\n\t\t\t\t\t\t\t<a class=\"e-gallery-item elementor-gallery-item elementor-animated-content\" href=\"https:\/\/quintadeguimaraes.com\/wp-content\/uploads\/2022\/05\/quinta-guimaraes-socalcos.jpg\" data-elementor-open-lightbox=\"yes\" data-elementor-lightbox-slideshow=\"450ac26\" data-elementor-lightbox-title=\"quinta-guimaraes-socalcos\" data-e-action-hash=\"#elementor-action%3Aaction%3Dlightbox%26settings%3DeyJpZCI6Mjk4NywidXJsIjoiaHR0cHM6XC9cL3F1aW50YWRlZ3VpbWFyYWVzLmNvbVwvd3AtY29udGVudFwvdXBsb2Fkc1wvMjAyMlwvMDVcL3F1aW50YS1ndWltYXJhZXMtc29jYWxjb3MuanBnIiwic2xpZGVzaG93IjoiNDUwYWMyNiJ9\">\n\t\t\t\t\t<div class=\"e-gallery-image elementor-gallery-item__image\" data-thumbnail=\"https:\/\/quintadeguimaraes.com\/wp-content\/uploads\/2022\/05\/quinta-guimaraes-socalcos-1024x681.jpg\" data-width=\"800\" data-height=\"532\" aria-label=\"\" role=\"img\" ><\/div>\n\t\t\t\t\t\t\t\t\t\t\t<div class=\"elementor-gallery-item__overlay\"><\/div>\n\t\t\t\t\t\t\t\t\t\t\t\t\t\t<\/a>\n\t\t\t\t\t\t\t<a class=\"e-gallery-item elementor-gallery-item elementor-animated-content\" href=\"https:\/\/quintadeguimaraes.com\/wp-content\/uploads\/2022\/02\/Grupo-53.jpg\" data-elementor-open-lightbox=\"yes\" data-elementor-lightbox-slideshow=\"450ac26\" data-elementor-lightbox-title=\"Grupo 53\" data-e-action-hash=\"#elementor-action%3Aaction%3Dlightbox%26settings%3DeyJpZCI6NjE3LCJ1cmwiOiJodHRwczpcL1wvcXVpbnRhZGVndWltYXJhZXMuY29tXC93cC1jb250ZW50XC91cGxvYWRzXC8yMDIyXC8wMlwvR3J1cG8tNTMuanBnIiwic2xpZGVzaG93IjoiNDUwYWMyNiJ9\">\n\t\t\t\t\t<div class=\"e-gallery-image elementor-gallery-item__image\" data-thumbnail=\"https:\/\/quintadeguimaraes.com\/wp-content\/uploads\/2022\/02\/Grupo-53.jpg\" data-width=\"800\" data-height=\"491\" aria-label=\"\" role=\"img\" ><\/div>\n\t\t\t\t\t\t\t\t\t\t\t<div class=\"elementor-gallery-item__overlay\"><\/div>\n\t\t\t\t\t\t\t\t\t\t\t\t\t\t<\/a>\n\t\t\t\t\t\t\t<a class=\"e-gallery-item elementor-gallery-item elementor-animated-content\" href=\"https:\/\/quintadeguimaraes.com\/wp-content\/uploads\/2022\/05\/Qta-Cazas-Novas.jpg\" data-elementor-open-lightbox=\"yes\" data-elementor-lightbox-slideshow=\"450ac26\" data-elementor-lightbox-title=\"Qta-Cazas-Novas\" data-e-action-hash=\"#elementor-action%3Aaction%3Dlightbox%26settings%3DeyJpZCI6Mjk4MywidXJsIjoiaHR0cHM6XC9cL3F1aW50YWRlZ3VpbWFyYWVzLmNvbVwvd3AtY29udGVudFwvdXBsb2Fkc1wvMjAyMlwvMDVcL1F0YS1DYXphcy1Ob3Zhcy5qcGciLCJzbGlkZXNob3ciOiI0NTBhYzI2In0%3D\">\n\t\t\t\t\t<div class=\"e-gallery-image elementor-gallery-item__image\" data-thumbnail=\"https:\/\/quintadeguimaraes.com\/wp-content\/uploads\/2022\/05\/Qta-Cazas-Novas-1024x681.jpg\" data-width=\"800\" data-height=\"532\" aria-label=\"\" role=\"img\" ><\/div>\n\t\t\t\t\t\t\t\t\t\t\t<div class=\"elementor-gallery-item__overlay\"><\/div>\n\t\t\t\t\t\t\t\t\t\t\t\t\t\t<\/a>\n\t\t\t\t\t\t\t<a class=\"e-gallery-item elementor-gallery-item elementor-animated-content\" href=\"https:\/\/quintadeguimaraes.com\/wp-content\/uploads\/2022\/02\/Grupo-55.jpg\" data-elementor-open-lightbox=\"yes\" data-elementor-lightbox-slideshow=\"450ac26\" data-elementor-lightbox-title=\"Grupo 55\" data-e-action-hash=\"#elementor-action%3Aaction%3Dlightbox%26settings%3DeyJpZCI6NjI1LCJ1cmwiOiJodHRwczpcL1wvcXVpbnRhZGVndWltYXJhZXMuY29tXC93cC1jb250ZW50XC91cGxvYWRzXC8yMDIyXC8wMlwvR3J1cG8tNTUuanBnIiwic2xpZGVzaG93IjoiNDUwYWMyNiJ9\">\n\t\t\t\t\t<div class=\"e-gallery-image elementor-gallery-item__image\" data-thumbnail=\"https:\/\/quintadeguimaraes.com\/wp-content\/uploads\/2022\/02\/Grupo-55.jpg\" data-width=\"620\" data-height=\"579\" aria-label=\"\" role=\"img\" ><\/div>\n\t\t\t\t\t\t\t\t\t\t\t<div class=\"elementor-gallery-item__overlay\"><\/div>\n\t\t\t\t\t\t\t\t\t\t\t\t\t\t<\/a>\n\t\t\t\t\t\t\t<a class=\"e-gallery-item elementor-gallery-item elementor-animated-content\" href=\"https:\/\/quintadeguimaraes.com\/wp-content\/uploads\/2022\/02\/NoPath-Copia-8.jpg\" data-elementor-open-lightbox=\"yes\" data-elementor-lightbox-slideshow=\"450ac26\" data-elementor-lightbox-title=\"NoPath - C\u00f3pia (8)\" data-e-action-hash=\"#elementor-action%3Aaction%3Dlightbox%26settings%3DeyJpZCI6NjI5LCJ1cmwiOiJodHRwczpcL1wvcXVpbnRhZGVndWltYXJhZXMuY29tXC93cC1jb250ZW50XC91cGxvYWRzXC8yMDIyXC8wMlwvTm9QYXRoLUNvcGlhLTguanBnIiwic2xpZGVzaG93IjoiNDUwYWMyNiJ9\">\n\t\t\t\t\t<div class=\"e-gallery-image elementor-gallery-item__image\" data-thumbnail=\"https:\/\/quintadeguimaraes.com\/wp-content\/uploads\/2022\/02\/NoPath-Copia-8.jpg\" data-width=\"800\" data-height=\"519\" aria-label=\"\" role=\"img\" ><\/div>\n\t\t\t\t\t\t\t\t\t\t\t<div class=\"elementor-gallery-item__overlay\"><\/div>\n\t\t\t\t\t\t\t\t\t\t\t\t\t\t<\/a>\n\t\t\t\t\t<\/div>\n\t\t\t\t\t<\/div>\n\t\t\t\t<\/div>\n\t\t\t\t\t<\/div>\n\t\t<\/div>\n\t\t\t\t\t<\/div>\n\t\t<\/section>\n\t\t\t\t<\/div>\n\t\t","protected":false},"excerpt":{"rendered":"","protected":false},"author":2,"featured_media":0,"parent":0,"menu_order":0,"comment_status":"closed","ping_status":"closed","template":"","meta":{"_acf_changed":false,"footnotes":""},"class_list":["post-2141","page","type-page","status-publish","hentry"],"acf":[],"yoast_head":"<!-- This site is optimized with the Yoast SEO plugin v27.5 - https:\/\/yoast.com\/product\/yoast-seo-wordpress\/ -->\n<title>Wine - Quinta de Guimar\u00e3es<\/title>\n<meta name=\"description\" content=\"In the southeast of the Vinhos Verdes Region, already at the heart of the Douro valley, the Cazas Novas Wine is born, in vineyards that occupy 25 hectares of Quinta de Guimar\u00e3es.\" \/>\n<meta name=\"robots\" content=\"index, follow, max-snippet:-1, max-image-preview:large, max-video-preview:-1\" \/>\n<link rel=\"canonical\" href=\"https:\/\/quintadeguimaraes.com\/vinhos\/\" \/>\n<meta property=\"og:locale\" content=\"en_US\" \/>\n<meta property=\"og:type\" content=\"article\" \/>\n<meta property=\"og:title\" content=\"Wine - Quinta de Guimar\u00e3es\" \/>\n<meta property=\"og:description\" content=\"In the southeast of the Vinhos Verdes Region, already at the heart of the Douro valley, the Cazas Novas Wine is born, in vineyards that occupy 25 hectares of Quinta de Guimar\u00e3es.\" \/>\n<meta property=\"og:url\" content=\"https:\/\/quintadeguimaraes.com\/vinhos\/\" \/>\n<meta property=\"og:site_name\" content=\"Quinta de Guimar\u00e3es\" \/>\n<meta property=\"article:modified_time\" content=\"2022-06-16T12:35:38+00:00\" \/>\n<meta property=\"og:image\" content=\"https:\/\/quintadeguimaraes.com\/wp-content\/uploads\/2023\/07\/QuintadeGuimaraes.jpg\" \/>\n\t<meta property=\"og:image:width\" content=\"1200\" \/>\n\t<meta property=\"og:image:height\" content=\"490\" \/>\n\t<meta property=\"og:image:type\" content=\"image\/jpeg\" \/>\n<meta name=\"twitter:card\" content=\"summary_large_image\" \/>\n<script type=\"application\/ld+json\" class=\"yoast-schema-graph\">{\"@context\":\"https:\\\/\\\/schema.org\",\"@graph\":[{\"@type\":\"WebPage\",\"@id\":\"https:\\\/\\\/quintadeguimaraes.com\\\/vinhos\\\/\",\"url\":\"https:\\\/\\\/quintadeguimaraes.com\\\/vinhos\\\/\",\"name\":\"Wine - Quinta de Guimar\u00e3es\",\"isPartOf\":{\"@id\":\"https:\\\/\\\/quintadeguimaraes.com\\\/#website\"},\"datePublished\":\"2022-02-15T14:54:43+00:00\",\"dateModified\":\"2022-06-16T12:35:38+00:00\",\"description\":\"In the southeast of the Vinhos Verdes Region, already at the heart of the Douro valley, the Cazas Novas Wine is born, in vineyards that occupy 25 hectares of Quinta de Guimar\u00e3es.\",\"breadcrumb\":{\"@id\":\"https:\\\/\\\/quintadeguimaraes.com\\\/vinhos\\\/#breadcrumb\"},\"inLanguage\":\"en-US\",\"potentialAction\":[{\"@type\":\"ReadAction\",\"target\":[\"https:\\\/\\\/quintadeguimaraes.com\\\/vinhos\\\/\"]}]},{\"@type\":\"BreadcrumbList\",\"@id\":\"https:\\\/\\\/quintadeguimaraes.com\\\/vinhos\\\/#breadcrumb\",\"itemListElement\":[{\"@type\":\"ListItem\",\"position\":1,\"name\":\"In\u00edcio\",\"item\":\"https:\\\/\\\/quintadeguimaraes.com\\\/en\\\/home\\\/\"},{\"@type\":\"ListItem\",\"position\":2,\"name\":\"Wine\"}]},{\"@type\":\"WebSite\",\"@id\":\"https:\\\/\\\/quintadeguimaraes.com\\\/#website\",\"url\":\"https:\\\/\\\/quintadeguimaraes.com\\\/\",\"name\":\"Quinta de Guimar\u00e3es\",\"description\":\"Natureza, autenticidade e tradi\u00e7\u00e3o\",\"publisher\":{\"@id\":\"https:\\\/\\\/quintadeguimaraes.com\\\/#organization\"},\"potentialAction\":[{\"@type\":\"SearchAction\",\"target\":{\"@type\":\"EntryPoint\",\"urlTemplate\":\"https:\\\/\\\/quintadeguimaraes.com\\\/?s={search_term_string}\"},\"query-input\":{\"@type\":\"PropertyValueSpecification\",\"valueRequired\":true,\"valueName\":\"search_term_string\"}}],\"inLanguage\":\"en-US\"},{\"@type\":\"Organization\",\"@id\":\"https:\\\/\\\/quintadeguimaraes.com\\\/#organization\",\"name\":\"Quinta de Guimar\u00e3es\",\"url\":\"https:\\\/\\\/quintadeguimaraes.com\\\/\",\"logo\":{\"@type\":\"ImageObject\",\"inLanguage\":\"en-US\",\"@id\":\"https:\\\/\\\/quintadeguimaraes.com\\\/#\\\/schema\\\/logo\\\/image\\\/\",\"url\":\"https:\\\/\\\/quintadeguimaraes.com\\\/wp-content\\\/uploads\\\/2022\\\/06\\\/quinta-de-guimaraes.png\",\"contentUrl\":\"https:\\\/\\\/quintadeguimaraes.com\\\/wp-content\\\/uploads\\\/2022\\\/06\\\/quinta-de-guimaraes.png\",\"width\":1024,\"height\":720,\"caption\":\"Quinta de Guimar\u00e3es\"},\"image\":{\"@id\":\"https:\\\/\\\/quintadeguimaraes.com\\\/#\\\/schema\\\/logo\\\/image\\\/\"},\"sameAs\":[\"https:\\\/\\\/www.instagram.com\\\/quintadeguimaraes\\\/\"]}]}<\/script>\n<!-- \/ Yoast SEO plugin. -->","yoast_head_json":{"title":"Wine - Quinta de Guimar\u00e3es","description":"In the southeast of the Vinhos Verdes Region, already at the heart of the Douro valley, the Cazas Novas Wine is born, in vineyards that occupy 25 hectares of Quinta de Guimar\u00e3es.","robots":{"index":"index","follow":"follow","max-snippet":"max-snippet:-1","max-image-preview":"max-image-preview:large","max-video-preview":"max-video-preview:-1"},"canonical":"https:\/\/quintadeguimaraes.com\/vinhos\/","og_locale":"en_US","og_type":"article","og_title":"Wine - Quinta de Guimar\u00e3es","og_description":"In the southeast of the Vinhos Verdes Region, already at the heart of the Douro valley, the Cazas Novas Wine is born, in vineyards that occupy 25 hectares of Quinta de Guimar\u00e3es.","og_url":"https:\/\/quintadeguimaraes.com\/vinhos\/","og_site_name":"Quinta de Guimar\u00e3es","article_modified_time":"2022-06-16T12:35:38+00:00","og_image":[{"width":1200,"height":490,"url":"https:\/\/quintadeguimaraes.com\/wp-content\/uploads\/2023\/07\/QuintadeGuimaraes.jpg","type":"image\/jpeg"}],"twitter_card":"summary_large_image","schema":{"@context":"https:\/\/schema.org","@graph":[{"@type":"WebPage","@id":"https:\/\/quintadeguimaraes.com\/vinhos\/","url":"https:\/\/quintadeguimaraes.com\/vinhos\/","name":"Wine - Quinta de Guimar\u00e3es","isPartOf":{"@id":"https:\/\/quintadeguimaraes.com\/#website"},"datePublished":"2022-02-15T14:54:43+00:00","dateModified":"2022-06-16T12:35:38+00:00","description":"In the southeast of the Vinhos Verdes Region, already at the heart of the Douro valley, the Cazas Novas Wine is born, in vineyards that occupy 25 hectares of Quinta de Guimar\u00e3es.","breadcrumb":{"@id":"https:\/\/quintadeguimaraes.com\/vinhos\/#breadcrumb"},"inLanguage":"en-US","potentialAction":[{"@type":"ReadAction","target":["https:\/\/quintadeguimaraes.com\/vinhos\/"]}]},{"@type":"BreadcrumbList","@id":"https:\/\/quintadeguimaraes.com\/vinhos\/#breadcrumb","itemListElement":[{"@type":"ListItem","position":1,"name":"In\u00edcio","item":"https:\/\/quintadeguimaraes.com\/en\/home\/"},{"@type":"ListItem","position":2,"name":"Wine"}]},{"@type":"WebSite","@id":"https:\/\/quintadeguimaraes.com\/#website","url":"https:\/\/quintadeguimaraes.com\/","name":"Quinta de Guimar\u00e3es","description":"Natureza, autenticidade e tradi\u00e7\u00e3o","publisher":{"@id":"https:\/\/quintadeguimaraes.com\/#organization"},"potentialAction":[{"@type":"SearchAction","target":{"@type":"EntryPoint","urlTemplate":"https:\/\/quintadeguimaraes.com\/?s={search_term_string}"},"query-input":{"@type":"PropertyValueSpecification","valueRequired":true,"valueName":"search_term_string"}}],"inLanguage":"en-US"},{"@type":"Organization","@id":"https:\/\/quintadeguimaraes.com\/#organization","name":"Quinta de Guimar\u00e3es","url":"https:\/\/quintadeguimaraes.com\/","logo":{"@type":"ImageObject","inLanguage":"en-US","@id":"https:\/\/quintadeguimaraes.com\/#\/schema\/logo\/image\/","url":"https:\/\/quintadeguimaraes.com\/wp-content\/uploads\/2022\/06\/quinta-de-guimaraes.png","contentUrl":"https:\/\/quintadeguimaraes.com\/wp-content\/uploads\/2022\/06\/quinta-de-guimaraes.png","width":1024,"height":720,"caption":"Quinta de Guimar\u00e3es"},"image":{"@id":"https:\/\/quintadeguimaraes.com\/#\/schema\/logo\/image\/"},"sameAs":["https:\/\/www.instagram.com\/quintadeguimaraes\/"]}]}},"_links":{"self":[{"href":"https:\/\/quintadeguimaraes.com\/en\/wp-json\/wp\/v2\/pages\/2141","targetHints":{"allow":["GET"]}}],"collection":[{"href":"https:\/\/quintadeguimaraes.com\/en\/wp-json\/wp\/v2\/pages"}],"about":[{"href":"https:\/\/quintadeguimaraes.com\/en\/wp-json\/wp\/v2\/types\/page"}],"author":[{"embeddable":true,"href":"https:\/\/quintadeguimaraes.com\/en\/wp-json\/wp\/v2\/users\/2"}],"replies":[{"embeddable":true,"href":"https:\/\/quintadeguimaraes.com\/en\/wp-json\/wp\/v2\/comments?post=2141"}],"version-history":[{"count":0,"href":"https:\/\/quintadeguimaraes.com\/en\/wp-json\/wp\/v2\/pages\/2141\/revisions"}],"wp:attachment":[{"href":"https:\/\/quintadeguimaraes.com\/en\/wp-json\/wp\/v2\/media?parent=2141"}],"curies":[{"name":"wp","href":"https:\/\/api.w.org\/{rel}","templated":true}]}}