{"id":3512,"date":"2022-05-17T17:58:31","date_gmt":"2022-05-17T17:58:31","guid":{"rendered":"https:\/\/quintadeguimaraes.com\/politica-de-cookies\/"},"modified":"2022-06-16T12:22:36","modified_gmt":"2022-06-16T12:22:36","slug":"cookie-policy","status":"publish","type":"page","link":"https:\/\/quintadeguimaraes.com\/en\/cookie-policy\/","title":{"rendered":"Cookie Policy"},"content":{"rendered":"\t\t<div data-elementor-type=\"wp-page\" data-elementor-id=\"3512\" class=\"elementor elementor-3512 elementor-3112\" data-elementor-post-type=\"page\">\n\t\t\t\t\t\t<section class=\"elementor-section elementor-top-section elementor-element elementor-element-4cb4e5e elementor-section-full_width elementor-section-height-default elementor-section-height-default\" data-id=\"4cb4e5e\" data-element_type=\"section\" data-settings=\"{&quot;jet_parallax_layout_list&quot;:[]}\">\n\t\t\t\t\t\t<div class=\"elementor-container elementor-column-gap-default\">\n\t\t\t\t\t<div class=\"elementor-column elementor-col-100 elementor-top-column elementor-element elementor-element-d81d047\" data-id=\"d81d047\" data-element_type=\"column\">\n\t\t\t<div class=\"elementor-widget-wrap elementor-element-populated\">\n\t\t\t\t\t\t<div class=\"elementor-element elementor-element-8fe8970 elementor-widget elementor-widget-heading\" data-id=\"8fe8970\" data-element_type=\"widget\" data-widget_type=\"heading.default\">\n\t\t\t\t<div class=\"elementor-widget-container\">\n\t\t\t\t\t<h2 class=\"elementor-heading-title elementor-size-default\">Cookie Policy<\/h2>\t\t\t\t<\/div>\n\t\t\t\t<\/div>\n\t\t\t\t<div class=\"elementor-element elementor-element-5458497 elementor-widget elementor-widget-text-editor\" data-id=\"5458497\" data-element_type=\"widget\" data-widget_type=\"text-editor.default\">\n\t\t\t\t<div class=\"elementor-widget-container\">\n\t\t\t\t\t\t\t\t\t<p><strong>1. INTRODUCTION<\/strong><\/p>\n<p>This Cookie Policy seeks to explain in a transparent and specific manner how we use the personal information we collect through your use of our website https:\/\/www.quintadeguimaraes.com (hereinafter referred to as the &#8220;Website&#8221; or &#8220;Platform&#8221;). It is in this spirit that this Cookie Policy details how, when and why we use Cookies on our Platform. This website uses Cookies not only to ensure that we offer you a unique and personalized experience, but also to share aggregate data with our technology partners to enable us to continuously improve our website and your browsing experience.<\/p>\n<p>By continuing to explore the website of Turimagri &#8211; Sociedade Agr\u00edcola e Imobili\u00e1ria S.A. (hereinafter Turimagri S.A.) you expressly agree to our Cookie Policy.<\/p>\n<p><strong>2. WHAT ARE COOKIES?<\/strong><\/p>\n<p>Cookies are files containing small pieces of information that are stored and downloaded on your device every time you visit a website (and usually have a unique identifier), so in the case of Turimagri S.A., they will be used every time you visit the website.<\/p>\n<p>Some cookies are only triggered if certain features are used, while Turimagri may use other cookies that are always generated and used. In addition, Turimagri S.A. and other external service providers may store permanent Cookies, which are stored in the browser on your access equipment and are used every time you visit the website (and provided that they are defined as necessary for the correct use of the Platform), as well as temporary session Cookies that remain in the Cookies file of your browser until you leave the website.<\/p>\n<p>You can find out more about the Cookies we use from the list below. Turimagri S.A. is committed to updating this list, which may not reflect the Cookies actually being used at any given time. We may also use web beacons, tags or scripts on our website or in emails sent by Turimagri S.A., in order to better understand the usage patterns of our Platform.<\/p>\n<p>For further information on Cookies you may consult two websites that provide more detailed information on Cookies and which have no commercial or legal relationship whatsoever with Turimagri S.A.: <a href=\"http:\/\/www.allaboutCookies.org\" target=\"_blank\" rel=\"noopener\">http:\/\/www.allaboutCookies.org<\/a> or <a href=\"https:\/\/www.aboutCookies.org\/\" target=\"_blank\" rel=\"noopener\">https:\/\/www.aboutCookies.org\/<\/a>.<\/p>\n<p><strong>3. WHY USE COOKIES<\/strong><\/p>\n<p>The use of Cookies is something practically universal to all websites, not harming in any way the devices (computers, tablets, cell phones) on which they are stored and allowing a better user experience of the platforms themselves, both in terms of performance and in terms of navigation, since the content provided will be more targeted to the real needs and expectations of users.<\/p>\n<p>Cookies thus allow the website to memorize information about your visit, such as your preferred language, your location, the recurrence of your sessions and other variables that we consider relevant to make your search experience much more comfortable and efficient.<\/p>\n<p><strong><em>4. USED COOKIES<\/em><\/strong><\/p>\n<p>Turimagri S.A. details below the information regarding the Cookies used on our website, as well as identifying which partner entities are authorised to place Cookies on our platform (explaining, on an individual basis, the added value of including these partners on our Platform).<\/p>\n<p>Turimagri S.A.&#8217;s website or emails sent by Turimagri S.A. may contain links to other websites or applications, including those of our partners. If you access one of these links or applications, please note that their Cookies Policies are the sole responsibility of the entities that manage them. For this reason, we advise you to read the cookie policies of other platforms or applications before using them.<\/p>\n<p>Turimagri S.A. uses two (2) types of Cookies on its Platform: https:\/\/www.quintadeguimaraes.com<\/p>\n<p><strong><em>a) Strictly necessary Cookies<\/em><\/strong><\/p>\n<p>They allow you to navigate the website and use most of the functionalities provided.<\/p>\n<p>Turimagri S.A. uses these Cookies for the following reasons:<\/p>\n<p>To allow our servers to respond to certain actions on the website, or simply to allow our users to browse the Platform, as without these Cookies, it would not function on their device.<\/p>\n<p>Ensuring a consistent user experience while browsing the Turimagri S.A. website and that it receives up-to-date and consistent information.<\/p>\n<p>To contribute to better dynamic distribution and ensure the best speed and performance of your device while browsing the Platform.<\/p>\n<p>Ensure a consistent experience, even when Turimagri S.A. promotes the implementation of improvements to the website.<\/p>\n<p><strong>b) Performance Cookies<\/strong><\/p>\n<p>These are used anonymously for the purpose of creating and analyzing statistics, in order to allow a continuous improvement of the website and thus an increasingly better user experience.<\/p>\n<p>Turimagri S.A. uses these Cookies for the following reasons:<\/p>\n<p><strong>For Analysis Purposes:<\/strong> We use Google Analytics to better understand how users are using the Platform, in order to help with performance management and website design. Google will store this information, so in order to see Google&#8217;s Privacy Policy you must see Google&#8217;s Cookie Policy.<\/p>\n<p><strong>For Testing purposes:<\/strong> In order to test different combinations of product design, and thereby improve the experience and performance of the Turimagri S.A. website.<\/p>\n<p>Both categories of Cookies (strictly necessary and performance) are essential to maintain the efficiency, effectiveness and user-friendliness of the Platform, as well as to ensure an immersive and consistent experience, and therefore, we do not allow them to be disabled autonomously.<\/p>\n<p><strong>6. Management of Cookies<\/strong><\/p>\n<p>Users can always configure their devices and the browsers they use to accept all or some Cookies, to notify them whenever a Cookie is issued, or never to receive Cookies. So that you can simply and intuitively manage your Cookies from your browser you can use one of the links below:<\/p>\n<ul>\n<li>For more information about &#8220;Private Browsing&#8221; and managing Cookies in the Firefox browser, click <a href=\"https:\/\/support.mozilla.org\/en-US\/kb\/enhanced-tracking-protection-firefox-desktop?redirectslug=enable-and-disable-cookies-website-preferences&#038;redirectlocale=en-US\" target=\"_blank\" rel=\"noopener\">here<\/a><\/li>\n<li>For more information on &#8220;Incognito Browsing&#8221; and managing cookies in the Chrome browser, click <a href=\"https:\/\/support.google.com\/chrome\/answer\/95647?hl=en\" target=\"_blank\" rel=\"noopener\">here<\/a><\/li>\n<li>For more information about &#8220;Private Browsing&#8221; and managing Cookies in the Internet Explorer browser, click <a href=\"https:\/\/support.microsoft.com\/pt-pt\/windows\/eliminar-e-gerir-cookies-168dab11-0753-043d-7c16-ede5947fc64d\" target=\"_blank\" rel=\"noopener\">here<\/a><\/li>\n<li>For more information about &#8220;Private Browsing&#8221; and managing Cookies in Safari, click <a href=\"https:\/\/support.apple.com\/kb\/ph21411?locale=en_US\" target=\"_blank\" rel=\"noopener\">here<\/a><\/li>\n<li>For more information about &#8220;Private Browsing&#8221; and managing Cookies in the Opera browser, click <a href=\"https:\/\/help.opera.com\/en\/latest\/security-and-privacy\/\" target=\"_blank\" rel=\"noopener\">here.<\/a><\/li>\n<\/ul>\n<p>If you prefer to restrict, block or delete Cookies that Turimagri S.A. uses on its Platform, you will automatically consider this website as an untrustworthy entity and therefore a significant part of the functionalities provided may not behave as expected.<\/p>\n<p>May 2022<\/p>\n\t\t\t\t\t\t\t\t<\/div>\n\t\t\t\t<\/div>\n\t\t\t\t\t<\/div>\n\t\t<\/div>\n\t\t\t\t\t<\/div>\n\t\t<\/section>\n\t\t\t\t<\/div>\n\t\t","protected":false},"excerpt":{"rendered":"","protected":false},"author":2,"featured_media":0,"parent":0,"menu_order":0,"comment_status":"closed","ping_status":"closed","template":"","meta":{"_acf_changed":false,"footnotes":""},"class_list":["post-3512","page","type-page","status-publish","hentry"],"acf":[],"yoast_head":"<!-- This site is optimized with the Yoast SEO plugin v27.5 - https:\/\/yoast.com\/product\/yoast-seo-wordpress\/ -->\n<title>Cookie Policy - Quinta de Guimar\u00e3es<\/title>\n<meta name=\"robots\" content=\"index, follow, max-snippet:-1, max-image-preview:large, max-video-preview:-1\" \/>\n<link rel=\"canonical\" href=\"https:\/\/quintadeguimaraes.com\/politica-de-cookies\/\" \/>\n<meta property=\"og:locale\" content=\"en_US\" \/>\n<meta property=\"og:type\" content=\"article\" \/>\n<meta property=\"og:title\" content=\"Cookie Policy - Quinta de Guimar\u00e3es\" \/>\n<meta property=\"og:url\" content=\"https:\/\/quintadeguimaraes.com\/politica-de-cookies\/\" \/>\n<meta property=\"og:site_name\" content=\"Quinta de Guimar\u00e3es\" \/>\n<meta property=\"article:modified_time\" content=\"2022-06-16T12:22:36+00:00\" \/>\n<meta property=\"og:image\" content=\"https:\/\/quintadeguimaraes.com\/wp-content\/uploads\/2023\/07\/QuintadeGuimaraes.jpg\" \/>\n\t<meta property=\"og:image:width\" content=\"1200\" \/>\n\t<meta property=\"og:image:height\" content=\"490\" \/>\n\t<meta property=\"og:image:type\" content=\"image\/jpeg\" \/>\n<meta name=\"twitter:card\" content=\"summary_large_image\" \/>\n<script type=\"application\/ld+json\" class=\"yoast-schema-graph\">{\"@context\":\"https:\\\/\\\/schema.org\",\"@graph\":[{\"@type\":\"WebPage\",\"@id\":\"https:\\\/\\\/quintadeguimaraes.com\\\/politica-de-cookies\\\/\",\"url\":\"https:\\\/\\\/quintadeguimaraes.com\\\/politica-de-cookies\\\/\",\"name\":\"Cookie Policy - Quinta de Guimar\u00e3es\",\"isPartOf\":{\"@id\":\"https:\\\/\\\/quintadeguimaraes.com\\\/#website\"},\"datePublished\":\"2022-05-17T17:58:31+00:00\",\"dateModified\":\"2022-06-16T12:22:36+00:00\",\"breadcrumb\":{\"@id\":\"https:\\\/\\\/quintadeguimaraes.com\\\/politica-de-cookies\\\/#breadcrumb\"},\"inLanguage\":\"en-US\",\"potentialAction\":[{\"@type\":\"ReadAction\",\"target\":[\"https:\\\/\\\/quintadeguimaraes.com\\\/politica-de-cookies\\\/\"]}]},{\"@type\":\"BreadcrumbList\",\"@id\":\"https:\\\/\\\/quintadeguimaraes.com\\\/politica-de-cookies\\\/#breadcrumb\",\"itemListElement\":[{\"@type\":\"ListItem\",\"position\":1,\"name\":\"In\u00edcio\",\"item\":\"https:\\\/\\\/quintadeguimaraes.com\\\/en\\\/home\\\/\"},{\"@type\":\"ListItem\",\"position\":2,\"name\":\"Cookie Policy\"}]},{\"@type\":\"WebSite\",\"@id\":\"https:\\\/\\\/quintadeguimaraes.com\\\/#website\",\"url\":\"https:\\\/\\\/quintadeguimaraes.com\\\/\",\"name\":\"Quinta de Guimar\u00e3es\",\"description\":\"Natureza, autenticidade e tradi\u00e7\u00e3o\",\"publisher\":{\"@id\":\"https:\\\/\\\/quintadeguimaraes.com\\\/#organization\"},\"potentialAction\":[{\"@type\":\"SearchAction\",\"target\":{\"@type\":\"EntryPoint\",\"urlTemplate\":\"https:\\\/\\\/quintadeguimaraes.com\\\/?s={search_term_string}\"},\"query-input\":{\"@type\":\"PropertyValueSpecification\",\"valueRequired\":true,\"valueName\":\"search_term_string\"}}],\"inLanguage\":\"en-US\"},{\"@type\":\"Organization\",\"@id\":\"https:\\\/\\\/quintadeguimaraes.com\\\/#organization\",\"name\":\"Quinta de Guimar\u00e3es\",\"url\":\"https:\\\/\\\/quintadeguimaraes.com\\\/\",\"logo\":{\"@type\":\"ImageObject\",\"inLanguage\":\"en-US\",\"@id\":\"https:\\\/\\\/quintadeguimaraes.com\\\/#\\\/schema\\\/logo\\\/image\\\/\",\"url\":\"https:\\\/\\\/quintadeguimaraes.com\\\/wp-content\\\/uploads\\\/2022\\\/06\\\/quinta-de-guimaraes.png\",\"contentUrl\":\"https:\\\/\\\/quintadeguimaraes.com\\\/wp-content\\\/uploads\\\/2022\\\/06\\\/quinta-de-guimaraes.png\",\"width\":1024,\"height\":720,\"caption\":\"Quinta de Guimar\u00e3es\"},\"image\":{\"@id\":\"https:\\\/\\\/quintadeguimaraes.com\\\/#\\\/schema\\\/logo\\\/image\\\/\"},\"sameAs\":[\"https:\\\/\\\/www.instagram.com\\\/quintadeguimaraes\\\/\"]}]}<\/script>\n<!-- \/ Yoast SEO plugin. -->","yoast_head_json":{"title":"Cookie Policy - Quinta de Guimar\u00e3es","robots":{"index":"index","follow":"follow","max-snippet":"max-snippet:-1","max-image-preview":"max-image-preview:large","max-video-preview":"max-video-preview:-1"},"canonical":"https:\/\/quintadeguimaraes.com\/politica-de-cookies\/","og_locale":"en_US","og_type":"article","og_title":"Cookie Policy - Quinta de Guimar\u00e3es","og_url":"https:\/\/quintadeguimaraes.com\/politica-de-cookies\/","og_site_name":"Quinta de Guimar\u00e3es","article_modified_time":"2022-06-16T12:22:36+00:00","og_image":[{"width":1200,"height":490,"url":"https:\/\/quintadeguimaraes.com\/wp-content\/uploads\/2023\/07\/QuintadeGuimaraes.jpg","type":"image\/jpeg"}],"twitter_card":"summary_large_image","schema":{"@context":"https:\/\/schema.org","@graph":[{"@type":"WebPage","@id":"https:\/\/quintadeguimaraes.com\/politica-de-cookies\/","url":"https:\/\/quintadeguimaraes.com\/politica-de-cookies\/","name":"Cookie Policy - Quinta de Guimar\u00e3es","isPartOf":{"@id":"https:\/\/quintadeguimaraes.com\/#website"},"datePublished":"2022-05-17T17:58:31+00:00","dateModified":"2022-06-16T12:22:36+00:00","breadcrumb":{"@id":"https:\/\/quintadeguimaraes.com\/politica-de-cookies\/#breadcrumb"},"inLanguage":"en-US","potentialAction":[{"@type":"ReadAction","target":["https:\/\/quintadeguimaraes.com\/politica-de-cookies\/"]}]},{"@type":"BreadcrumbList","@id":"https:\/\/quintadeguimaraes.com\/politica-de-cookies\/#breadcrumb","itemListElement":[{"@type":"ListItem","position":1,"name":"In\u00edcio","item":"https:\/\/quintadeguimaraes.com\/en\/home\/"},{"@type":"ListItem","position":2,"name":"Cookie Policy"}]},{"@type":"WebSite","@id":"https:\/\/quintadeguimaraes.com\/#website","url":"https:\/\/quintadeguimaraes.com\/","name":"Quinta de Guimar\u00e3es","description":"Natureza, autenticidade e tradi\u00e7\u00e3o","publisher":{"@id":"https:\/\/quintadeguimaraes.com\/#organization"},"potentialAction":[{"@type":"SearchAction","target":{"@type":"EntryPoint","urlTemplate":"https:\/\/quintadeguimaraes.com\/?s={search_term_string}"},"query-input":{"@type":"PropertyValueSpecification","valueRequired":true,"valueName":"search_term_string"}}],"inLanguage":"en-US"},{"@type":"Organization","@id":"https:\/\/quintadeguimaraes.com\/#organization","name":"Quinta de Guimar\u00e3es","url":"https:\/\/quintadeguimaraes.com\/","logo":{"@type":"ImageObject","inLanguage":"en-US","@id":"https:\/\/quintadeguimaraes.com\/#\/schema\/logo\/image\/","url":"https:\/\/quintadeguimaraes.com\/wp-content\/uploads\/2022\/06\/quinta-de-guimaraes.png","contentUrl":"https:\/\/quintadeguimaraes.com\/wp-content\/uploads\/2022\/06\/quinta-de-guimaraes.png","width":1024,"height":720,"caption":"Quinta de Guimar\u00e3es"},"image":{"@id":"https:\/\/quintadeguimaraes.com\/#\/schema\/logo\/image\/"},"sameAs":["https:\/\/www.instagram.com\/quintadeguimaraes\/"]}]}},"_links":{"self":[{"href":"https:\/\/quintadeguimaraes.com\/en\/wp-json\/wp\/v2\/pages\/3512","targetHints":{"allow":["GET"]}}],"collection":[{"href":"https:\/\/quintadeguimaraes.com\/en\/wp-json\/wp\/v2\/pages"}],"about":[{"href":"https:\/\/quintadeguimaraes.com\/en\/wp-json\/wp\/v2\/types\/page"}],"author":[{"embeddable":true,"href":"https:\/\/quintadeguimaraes.com\/en\/wp-json\/wp\/v2\/users\/2"}],"replies":[{"embeddable":true,"href":"https:\/\/quintadeguimaraes.com\/en\/wp-json\/wp\/v2\/comments?post=3512"}],"version-history":[{"count":0,"href":"https:\/\/quintadeguimaraes.com\/en\/wp-json\/wp\/v2\/pages\/3512\/revisions"}],"wp:attachment":[{"href":"https:\/\/quintadeguimaraes.com\/en\/wp-json\/wp\/v2\/media?parent=3512"}],"curies":[{"name":"wp","href":"https:\/\/api.w.org\/{rel}","templated":true}]}}