{"id":2133,"date":"2022-02-15T16:59:57","date_gmt":"2022-02-15T16:59:57","guid":{"rendered":"https:\/\/quintadeguimaraes.com\/contactos\/"},"modified":"2024-12-19T14:53:14","modified_gmt":"2024-12-19T14:53:14","slug":"contactos","status":"publish","type":"page","link":"https:\/\/quintadeguimaraes.com\/es\/contactos\/","title":{"rendered":"Contactos"},"content":{"rendered":"\t\t<div data-elementor-type=\"wp-page\" data-elementor-id=\"2133\" class=\"elementor elementor-2133 elementor-734\" data-elementor-post-type=\"page\">\n\t\t\t\t\t\t<section class=\"elementor-section elementor-top-section elementor-element elementor-element-f67514a elementor-section-full_width elementor-section-height-default elementor-section-height-default\" data-id=\"f67514a\" data-element_type=\"section\" data-settings=\"{&quot;jet_parallax_layout_list&quot;:[]}\">\n\t\t\t\t\t\t<div class=\"elementor-container elementor-column-gap-default\">\n\t\t\t\t\t<div class=\"elementor-column elementor-col-50 elementor-top-column elementor-element elementor-element-c8c97f7\" data-id=\"c8c97f7\" data-element_type=\"column\">\n\t\t\t<div class=\"elementor-widget-wrap elementor-element-populated\">\n\t\t\t\t\t\t<div class=\"elementor-element elementor-element-034cd43 elementor-widget elementor-widget-heading\" data-id=\"034cd43\" data-element_type=\"widget\" data-widget_type=\"heading.default\">\n\t\t\t\t<div class=\"elementor-widget-container\">\n\t\t\t\t\t<h2 class=\"elementor-heading-title elementor-size-default\">Contactos<\/h2>\t\t\t\t<\/div>\n\t\t\t\t<\/div>\n\t\t\t\t<section class=\"elementor-section elementor-inner-section elementor-element elementor-element-47a4355 elementor-section-boxed elementor-section-height-default elementor-section-height-default\" data-id=\"47a4355\" data-element_type=\"section\" data-settings=\"{&quot;jet_parallax_layout_list&quot;:[]}\">\n\t\t\t\t\t\t<div class=\"elementor-container elementor-column-gap-default\">\n\t\t\t\t\t<div class=\"elementor-column elementor-col-50 elementor-inner-column elementor-element elementor-element-96055b3\" data-id=\"96055b3\" data-element_type=\"column\">\n\t\t\t<div class=\"elementor-widget-wrap elementor-element-populated\">\n\t\t\t\t\t\t<div class=\"elementor-element elementor-element-9479af1 elementor-view-default elementor-widget elementor-widget-icon\" data-id=\"9479af1\" data-element_type=\"widget\" data-widget_type=\"icon.default\">\n\t\t\t\t<div class=\"elementor-widget-container\">\n\t\t\t\t\t\t\t<div class=\"elementor-icon-wrapper\">\n\t\t\t<div class=\"elementor-icon\">\n\t\t\t<svg xmlns=\"http:\/\/www.w3.org\/2000\/svg\" width=\"31\" height=\"27.562\" viewBox=\"0 0 31 27.562\"><path id=\"house\" d=\"M30.862,13.458a.393.393,0,0,1-.011.608.344.344,0,0,1-.56-.011l-2.729-2.369v12.43a3.448,3.448,0,0,1-3.445,3.445H6.891a3.447,3.447,0,0,1-3.445-3.445V11.687L.716,14.056a.394.394,0,0,1-.608.011.427.427,0,0,1,.037-.608L15.218.108a.43.43,0,0,1,.571,0ZM6.891,26.7H11.2V17.657a1.289,1.289,0,0,1,1.292-1.292h6.029a1.289,1.289,0,0,1,1.292,1.292V26.7h4.307A2.585,2.585,0,0,0,26.7,24.117V10.922L15.5,1.006l-11.2,9.916V24.117A2.585,2.585,0,0,0,6.891,26.7Zm5.168,0h6.891V17.657a.432.432,0,0,0-.431-.431H12.489a.432.432,0,0,0-.431.431Z\" transform=\"translate(0 0)\"><\/path><\/svg>\t\t\t<\/div>\n\t\t<\/div>\n\t\t\t\t\t\t<\/div>\n\t\t\t\t<\/div>\n\t\t\t\t\t<\/div>\n\t\t<\/div>\n\t\t\t\t<div class=\"elementor-column elementor-col-50 elementor-inner-column elementor-element elementor-element-1fea381\" data-id=\"1fea381\" data-element_type=\"column\">\n\t\t\t<div class=\"elementor-widget-wrap elementor-element-populated\">\n\t\t\t\t\t\t<div class=\"elementor-element elementor-element-3dcb498 elementor-widget elementor-widget-heading\" data-id=\"3dcb498\" data-element_type=\"widget\" data-widget_type=\"heading.default\">\n\t\t\t\t<div class=\"elementor-widget-container\">\n\t\t\t\t\t<span class=\"elementor-heading-title elementor-size-default\">Quinta de Guimar\u00e3es - Lugar de Miguas<\/span>\t\t\t\t<\/div>\n\t\t\t\t<\/div>\n\t\t\t\t<div class=\"elementor-element elementor-element-173d9bf elementor-widget elementor-widget-heading\" data-id=\"173d9bf\" data-element_type=\"widget\" data-widget_type=\"heading.default\">\n\t\t\t\t<div class=\"elementor-widget-container\">\n\t\t\t\t\t<span class=\"elementor-heading-title elementor-size-default\">4640-467 Sta. Marinha do Z\u00eazere<\/span>\t\t\t\t<\/div>\n\t\t\t\t<\/div>\n\t\t\t\t\t<\/div>\n\t\t<\/div>\n\t\t\t\t\t<\/div>\n\t\t<\/section>\n\t\t\t\t<section class=\"elementor-section elementor-inner-section elementor-element elementor-element-df16571 elementor-section-boxed elementor-section-height-default elementor-section-height-default\" data-id=\"df16571\" data-element_type=\"section\" data-settings=\"{&quot;jet_parallax_layout_list&quot;:[]}\">\n\t\t\t\t\t\t<div class=\"elementor-container elementor-column-gap-default\">\n\t\t\t\t\t<div class=\"elementor-column elementor-col-50 elementor-inner-column elementor-element elementor-element-c33a8ed\" data-id=\"c33a8ed\" data-element_type=\"column\">\n\t\t\t<div class=\"elementor-widget-wrap elementor-element-populated\">\n\t\t\t\t\t\t<div class=\"elementor-element elementor-element-7401d5d elementor-view-default elementor-widget elementor-widget-icon\" data-id=\"7401d5d\" data-element_type=\"widget\" data-widget_type=\"icon.default\">\n\t\t\t\t<div class=\"elementor-widget-container\">\n\t\t\t\t\t\t\t<div class=\"elementor-icon-wrapper\">\n\t\t\t<div class=\"elementor-icon\">\n\t\t\t<svg xmlns=\"http:\/\/www.w3.org\/2000\/svg\" width=\"32\" height=\"32.003\" viewBox=\"0 0 32 32.003\"><path id=\"phone\" d=\"M30.821,21.943l-6.782-2.906a1.945,1.945,0,0,0-2.28.561L19,22.961a21.864,21.864,0,0,1-9.97-9.97L12.4,10.237a1.951,1.951,0,0,0,.558-2.276L10.051,1.174A1.963,1.963,0,0,0,7.812.041l-6.3,1.453A1.942,1.942,0,0,0,0,3.4a28.626,28.626,0,0,0,28.6,28.6,1.943,1.943,0,0,0,1.9-1.514l1.453-6.3A2.028,2.028,0,0,0,30.821,21.943Zm.156,2.013-1.453,6.3a.95.95,0,0,1-.928.738A27.627,27.627,0,0,1,1,3.4a.951.951,0,0,1,.738-.93l6.3-1.453a.967.967,0,0,1,1.1.559l2.908,6.782a.955.955,0,0,1-.275,1.109L7.8,12.715A22.826,22.826,0,0,0,19.287,24.2l3.252-3.971a.945.945,0,0,1,1.108-.273l6.782,2.906A.96.96,0,0,1,30.978,23.956Z\" transform=\"translate(0 0.009)\"><\/path><\/svg>\t\t\t<\/div>\n\t\t<\/div>\n\t\t\t\t\t\t<\/div>\n\t\t\t\t<\/div>\n\t\t\t\t\t<\/div>\n\t\t<\/div>\n\t\t\t\t<div class=\"elementor-column elementor-col-50 elementor-inner-column elementor-element elementor-element-454d54b\" data-id=\"454d54b\" data-element_type=\"column\">\n\t\t\t<div class=\"elementor-widget-wrap elementor-element-populated\">\n\t\t\t\t\t\t<div class=\"elementor-element elementor-element-5848d4e elementor-widget elementor-widget-heading\" data-id=\"5848d4e\" data-element_type=\"widget\" data-widget_type=\"heading.default\">\n\t\t\t\t<div class=\"elementor-widget-container\">\n\t\t\t\t\t<span class=\"elementor-heading-title elementor-size-default\">(+351) 912 915 699<\/span>\t\t\t\t<\/div>\n\t\t\t\t<\/div>\n\t\t\t\t<div class=\"elementor-element elementor-element-458821d elementor-widget__width-initial elementor-widget elementor-widget-heading\" data-id=\"458821d\" data-element_type=\"widget\" data-widget_type=\"heading.default\">\n\t\t\t\t<div class=\"elementor-widget-container\">\n\t\t\t\t\t<span class=\"elementor-heading-title elementor-size-default\">llamada a la red m\u00f3vil portuguesa<\/span>\t\t\t\t<\/div>\n\t\t\t\t<\/div>\n\t\t\t\t<div class=\"elementor-element elementor-element-1bcf01c elementor-widget__width-initial elementor-widget elementor-widget-heading\" data-id=\"1bcf01c\" data-element_type=\"widget\" data-widget_type=\"heading.default\">\n\t\t\t\t<div class=\"elementor-widget-container\">\n\t\t\t\t\t<span class=\"elementor-heading-title elementor-size-default\"><span id=\"sos\">SOS: <\/span>(+351) 919 970 695<\/span>\t\t\t\t<\/div>\n\t\t\t\t<\/div>\n\t\t\t\t<div class=\"elementor-element elementor-element-603c302 elementor-widget__width-initial elementor-widget elementor-widget-heading\" data-id=\"603c302\" data-element_type=\"widget\" data-widget_type=\"heading.default\">\n\t\t\t\t<div class=\"elementor-widget-container\">\n\t\t\t\t\t<span class=\"elementor-heading-title elementor-size-default\">llamada a la red m\u00f3vil portuguesa<\/span>\t\t\t\t<\/div>\n\t\t\t\t<\/div>\n\t\t\t\t<div class=\"elementor-element elementor-element-ea90e9c elementor-widget elementor-widget-heading\" data-id=\"ea90e9c\" data-element_type=\"widget\" data-widget_type=\"heading.default\">\n\t\t\t\t<div class=\"elementor-widget-container\">\n\t\t\t\t\t<span class=\"elementor-heading-title elementor-size-default\">info@quintadeguimaraes.com<\/span>\t\t\t\t<\/div>\n\t\t\t\t<\/div>\n\t\t\t\t<div class=\"elementor-element elementor-element-fb0f3ec elementor-widget elementor-widget-heading\" data-id=\"fb0f3ec\" data-element_type=\"widget\" data-widget_type=\"heading.default\">\n\t\t\t\t<div class=\"elementor-widget-container\">\n\t\t\t\t\t<span class=\"elementor-heading-title elementor-size-default\">www.quintadeguimaraes.com<\/span>\t\t\t\t<\/div>\n\t\t\t\t<\/div>\n\t\t\t\t\t<\/div>\n\t\t<\/div>\n\t\t\t\t\t<\/div>\n\t\t<\/section>\n\t\t\t\t<section class=\"elementor-section elementor-inner-section elementor-element elementor-element-5599bb5 elementor-section-boxed elementor-section-height-default elementor-section-height-default\" data-id=\"5599bb5\" data-element_type=\"section\" data-settings=\"{&quot;jet_parallax_layout_list&quot;:[]}\">\n\t\t\t\t\t\t<div class=\"elementor-container elementor-column-gap-default\">\n\t\t\t\t\t<div class=\"elementor-column elementor-col-50 elementor-inner-column elementor-element elementor-element-a802a51\" data-id=\"a802a51\" data-element_type=\"column\">\n\t\t\t<div class=\"elementor-widget-wrap elementor-element-populated\">\n\t\t\t\t\t\t<div class=\"elementor-element elementor-element-2b71fad elementor-view-default elementor-widget elementor-widget-icon\" data-id=\"2b71fad\" data-element_type=\"widget\" data-widget_type=\"icon.default\">\n\t\t\t\t<div class=\"elementor-widget-container\">\n\t\t\t\t\t\t\t<div class=\"elementor-icon-wrapper\">\n\t\t\t<div class=\"elementor-icon\">\n\t\t\t<svg xmlns=\"http:\/\/www.w3.org\/2000\/svg\" width=\"26\" height=\"34.577\" viewBox=\"0 0 26 34.577\"><path id=\"location-dot\" d=\"M7.583,13A5.417,5.417,0,1,1,13,18.417,5.415,5.415,0,0,1,7.583,13ZM13,8.667A4.333,4.333,0,1,0,17.333,13,4.337,4.337,0,0,0,13,8.667ZM26,13c0,5.918-7.922,16.453-11.4,20.8a2.046,2.046,0,0,1-3.209,0C7.861,29.453,0,18.918,0,13a13,13,0,0,1,26,0ZM13,1.083A11.917,11.917,0,0,0,1.083,13,12.879,12.879,0,0,0,2.29,17.713,43.069,43.069,0,0,0,5.316,23.42a110.912,110.912,0,0,0,6.925,9.7.961.961,0,0,0,1.517,0,111.174,111.174,0,0,0,6.927-9.7,43.471,43.471,0,0,0,3.027-5.708A12.942,12.942,0,0,0,24.917,13,11.917,11.917,0,0,0,13,1.083Z\"><\/path><\/svg>\t\t\t<\/div>\n\t\t<\/div>\n\t\t\t\t\t\t<\/div>\n\t\t\t\t<\/div>\n\t\t\t\t\t<\/div>\n\t\t<\/div>\n\t\t\t\t<div class=\"elementor-column elementor-col-50 elementor-inner-column elementor-element elementor-element-71c38da\" data-id=\"71c38da\" data-element_type=\"column\">\n\t\t\t<div class=\"elementor-widget-wrap elementor-element-populated\">\n\t\t\t\t\t\t<div class=\"elementor-element elementor-element-d42d30d elementor-widget elementor-widget-heading\" data-id=\"d42d30d\" data-element_type=\"widget\" data-widget_type=\"heading.default\">\n\t\t\t\t<div class=\"elementor-widget-container\">\n\t\t\t\t\t<span class=\"elementor-heading-title elementor-size-default\">41\u00ba 07' 52.08\" N - 7\u00ba 56' 23.30\" W<\/span>\t\t\t\t<\/div>\n\t\t\t\t<\/div>\n\t\t\t\t\t<\/div>\n\t\t<\/div>\n\t\t\t\t\t<\/div>\n\t\t<\/section>\n\t\t\t\t\t<\/div>\n\t\t<\/div>\n\t\t\t\t<div class=\"elementor-column elementor-col-50 elementor-top-column elementor-element elementor-element-5962b1a\" data-id=\"5962b1a\" data-element_type=\"column\">\n\t\t\t<div class=\"elementor-widget-wrap elementor-element-populated\">\n\t\t\t\t\t\t<div class=\"elementor-element elementor-element-20e9a09 elementor-widget elementor-widget-heading\" data-id=\"20e9a09\" data-element_type=\"widget\" data-widget_type=\"heading.default\">\n\t\t\t\t<div class=\"elementor-widget-container\">\n\t\t\t\t\t<h2 class=\"elementor-heading-title elementor-size-default\">Env\u00edenos un mensaje<\/h2>\t\t\t\t<\/div>\n\t\t\t\t<\/div>\n\t\t\t\t<div class=\"elementor-element elementor-element-07a4b5b elementor-button-align-start elementor-widget elementor-widget-form\" data-id=\"07a4b5b\" data-element_type=\"widget\" data-settings=\"{&quot;step_next_label&quot;:&quot;Next&quot;,&quot;step_previous_label&quot;:&quot;Anterior&quot;,&quot;button_width&quot;:&quot;100&quot;,&quot;step_type&quot;:&quot;number_text&quot;,&quot;step_icon_shape&quot;:&quot;circle&quot;}\" data-widget_type=\"form.default\">\n\t\t\t\t<div class=\"elementor-widget-container\">\n\t\t\t\t\t\t\t<form class=\"elementor-form\" method=\"post\" name=\"New Form\">\n\t\t\t<input type=\"hidden\" name=\"post_id\" value=\"2133\"\/>\n\t\t\t<input type=\"hidden\" name=\"form_id\" value=\"07a4b5b\"\/>\n\t\t\t<input type=\"hidden\" name=\"referer_title\" value=\"Quinta de Guimar\u00e3es\" \/>\n\n\t\t\t\n\t\t\t<div class=\"elementor-form-fields-wrapper elementor-labels-\">\n\t\t\t\t\t\t\t\t<div class=\"elementor-field-type-text elementor-field-group elementor-column elementor-field-group-nome_completo elementor-col-50 elementor-md-100 elementor-field-required\">\n\t\t\t\t\t\t\t\t\t\t\t\t<label for=\"form-field-nome_completo\" class=\"elementor-field-label elementor-screen-only\">\n\t\t\t\t\t\t\t\tNombre Completo\t\t\t\t\t\t\t<\/label>\n\t\t\t\t\t\t\t\t\t\t\t\t\t\t<input size=\"1\" type=\"text\" name=\"form_fields[nome_completo]\" id=\"form-field-nome_completo\" class=\"elementor-field elementor-size-sm  elementor-field-textual\" placeholder=\"Nombre Completo\" required=\"required\">\n\t\t\t\t\t\t\t\t\t\t\t<\/div>\n\t\t\t\t\t\t\t\t<div class=\"elementor-field-type-email elementor-field-group elementor-column elementor-field-group-email elementor-col-50 elementor-md-100 elementor-field-required\">\n\t\t\t\t\t\t\t\t\t\t\t\t<label for=\"form-field-email\" class=\"elementor-field-label elementor-screen-only\">\n\t\t\t\t\t\t\t\tCorreo electr\u00f3nico\t\t\t\t\t\t\t<\/label>\n\t\t\t\t\t\t\t\t\t\t\t\t\t\t<input size=\"1\" type=\"email\" name=\"form_fields[email]\" id=\"form-field-email\" class=\"elementor-field elementor-size-sm  elementor-field-textual\" placeholder=\"Correo electr\u00f3nico\" required=\"required\">\n\t\t\t\t\t\t\t\t\t\t\t<\/div>\n\t\t\t\t\t\t\t\t<div class=\"elementor-field-type-text elementor-field-group elementor-column elementor-field-group-telefone elementor-col-50 elementor-md-100\">\n\t\t\t\t\t\t\t\t\t\t\t\t<label for=\"form-field-telefone\" class=\"elementor-field-label elementor-screen-only\">\n\t\t\t\t\t\t\t\tTel\u00e9fono\t\t\t\t\t\t\t<\/label>\n\t\t\t\t\t\t\t\t\t\t\t\t\t\t<input size=\"1\" type=\"text\" name=\"form_fields[telefone]\" id=\"form-field-telefone\" class=\"elementor-field elementor-size-sm  elementor-field-textual\" placeholder=\"Tel\u00e9fono\">\n\t\t\t\t\t\t\t\t\t\t\t<\/div>\n\t\t\t\t\t\t\t\t<div class=\"elementor-field-type-text elementor-field-group elementor-column elementor-field-group-morada elementor-col-50 elementor-md-100\">\n\t\t\t\t\t\t\t\t\t\t\t\t<label for=\"form-field-morada\" class=\"elementor-field-label elementor-screen-only\">\n\t\t\t\t\t\t\t\tDirecci\u00f3n\t\t\t\t\t\t\t<\/label>\n\t\t\t\t\t\t\t\t\t\t\t\t\t\t<input size=\"1\" type=\"text\" name=\"form_fields[morada]\" id=\"form-field-morada\" class=\"elementor-field elementor-size-sm  elementor-field-textual\" placeholder=\"Direcci\u00f3n\">\n\t\t\t\t\t\t\t\t\t\t\t<\/div>\n\t\t\t\t\t\t\t\t<div class=\"elementor-field-type-textarea elementor-field-group elementor-column elementor-field-group-field_ef45d3a elementor-col-100\">\n\t\t\t\t\t\t\t\t\t\t\t\t<label for=\"form-field-field_ef45d3a\" class=\"elementor-field-label elementor-screen-only\">\n\t\t\t\t\t\t\t\tMensaje\t\t\t\t\t\t\t<\/label>\n\t\t\t\t\t\t<textarea class=\"elementor-field-textual elementor-field  elementor-size-sm\" name=\"form_fields[field_ef45d3a]\" id=\"form-field-field_ef45d3a\" rows=\"6\" placeholder=\"Mensaje\"><\/textarea>\t\t\t\t<\/div>\n\t\t\t\t\t\t\t\t<div class=\"elementor-field-type-recaptcha_v3 elementor-field-group elementor-column elementor-field-group-field_c0267d4 elementor-col-100 recaptcha_v3-bottomright\">\n\t\t\t\t\t<div class=\"elementor-field\" id=\"form-field-field_c0267d4\"><div class=\"elementor-g-recaptcha\" data-sitekey=\"6LcZDVQgAAAAACWmW7x2C8sjudUCQOakSTyKA6iF\" data-type=\"v3\" data-action=\"Form\" data-badge=\"bottomright\" data-size=\"invisible\"><\/div><\/div>\t\t\t\t<\/div>\n\t\t\t\t\t\t\t\t<div class=\"elementor-field-group elementor-column elementor-field-type-submit elementor-col-100 e-form__buttons\">\n\t\t\t\t\t<button class=\"elementor-button elementor-size-sm\" type=\"submit\">\n\t\t\t\t\t\t<span class=\"elementor-button-content-wrapper\">\n\t\t\t\t\t\t\t\t\t\t\t\t\t\t\t\t\t\t\t\t\t\t<span class=\"elementor-button-text\">Mandar<\/span>\n\t\t\t\t\t\t\t\t\t\t\t\t\t<\/span>\n\t\t\t\t\t<\/button>\n\t\t\t\t<\/div>\n\t\t\t<\/div>\n\t\t<\/form>\n\t\t\t\t\t\t<\/div>\n\t\t\t\t<\/div>\n\t\t\t\t\t<\/div>\n\t\t<\/div>\n\t\t\t\t\t<\/div>\n\t\t<\/section>\n\t\t\t\t<section class=\"elementor-section elementor-top-section elementor-element elementor-element-017f473 elementor-section-full_width elementor-section-height-default elementor-section-height-default\" data-id=\"017f473\" data-element_type=\"section\" data-settings=\"{&quot;jet_parallax_layout_list&quot;:[]}\">\n\t\t\t\t\t\t<div class=\"elementor-container elementor-column-gap-default\">\n\t\t\t\t\t<div class=\"elementor-column elementor-col-100 elementor-top-column elementor-element elementor-element-658922f\" data-id=\"658922f\" data-element_type=\"column\">\n\t\t\t<div class=\"elementor-widget-wrap elementor-element-populated\">\n\t\t\t\t\t\t<div class=\"elementor-element elementor-element-ad917fe elementor-widget elementor-widget-google_maps\" data-id=\"ad917fe\" data-element_type=\"widget\" data-widget_type=\"google_maps.default\">\n\t\t\t\t<div class=\"elementor-widget-container\">\n\t\t\t\t\t\t\t<div class=\"elementor-custom-embed\">\n\t\t\t<iframe loading=\"lazy\"\n\t\t\t\t\tsrc=\"https:\/\/maps.google.com\/maps?q=Quinta%20de%20Guimar%C3%A3es%20-%20Lugar%20de%20Miguas&#038;t=m&#038;z=13&#038;output=embed&#038;iwloc=near\"\n\t\t\t\t\ttitle=\"Quinta de Guimar\u00e3es - Lugar de Miguas\"\n\t\t\t\t\taria-label=\"Quinta de Guimar\u00e3es - Lugar de Miguas\"\n\t\t\t><\/iframe>\n\t\t<\/div>\n\t\t\t\t\t\t<\/div>\n\t\t\t\t<\/div>\n\t\t\t\t\t<\/div>\n\t\t<\/div>\n\t\t\t\t\t<\/div>\n\t\t<\/section>\n\t\t\t\t<\/div>\n\t\t","protected":false},"excerpt":{"rendered":"<p>llamada a la red m\u00f3vil portuguesa llamada a la red m\u00f3vil portuguesa Env\u00edenos un mensaje<\/p>\n","protected":false},"author":2,"featured_media":0,"parent":0,"menu_order":0,"comment_status":"closed","ping_status":"closed","template":"","meta":{"_acf_changed":false,"footnotes":""},"class_list":["post-2133","page","type-page","status-publish","hentry"],"acf":[],"yoast_head":"<!-- This site is optimized with the Yoast SEO plugin v27.5 - https:\/\/yoast.com\/product\/yoast-seo-wordpress\/ -->\n<title>Contactos - Quinta de Guimar\u00e3es<\/title>\n<meta name=\"description\" content=\"Si est\u00e1 interesado en una estancia estimulante, p\u00f3ngase en contacto con nosotros para saber m\u00e1s sobre esta Quinta familiar, en el coraz\u00f3n del Valle del Duero\" \/>\n<meta name=\"robots\" content=\"index, follow, max-snippet:-1, max-image-preview:large, max-video-preview:-1\" \/>\n<link rel=\"canonical\" href=\"https:\/\/quintadeguimaraes.com\/contactos\/\" \/>\n<meta property=\"og:locale\" content=\"es_ES\" \/>\n<meta property=\"og:type\" content=\"article\" \/>\n<meta property=\"og:title\" content=\"Contactos - Quinta de Guimar\u00e3es\" \/>\n<meta property=\"og:description\" content=\"Si est\u00e1 interesado en una estancia estimulante, p\u00f3ngase en contacto con nosotros para saber m\u00e1s sobre esta Quinta familiar, en el coraz\u00f3n del Valle del Duero\" \/>\n<meta property=\"og:url\" content=\"https:\/\/quintadeguimaraes.com\/contactos\/\" \/>\n<meta property=\"og:site_name\" content=\"Quinta de Guimar\u00e3es\" \/>\n<meta property=\"article:modified_time\" content=\"2024-12-19T14:53:14+00:00\" \/>\n<meta property=\"og:image\" content=\"https:\/\/quintadeguimaraes.com\/wp-content\/uploads\/2023\/07\/QuintadeGuimaraes.jpg\" \/>\n\t<meta property=\"og:image:width\" content=\"1200\" \/>\n\t<meta property=\"og:image:height\" content=\"490\" \/>\n\t<meta property=\"og:image:type\" content=\"image\/jpeg\" \/>\n<meta name=\"twitter:card\" content=\"summary_large_image\" \/>\n<script type=\"application\/ld+json\" class=\"yoast-schema-graph\">{\"@context\":\"https:\\\/\\\/schema.org\",\"@graph\":[{\"@type\":\"WebPage\",\"@id\":\"https:\\\/\\\/quintadeguimaraes.com\\\/contactos\\\/\",\"url\":\"https:\\\/\\\/quintadeguimaraes.com\\\/contactos\\\/\",\"name\":\"Contactos - Quinta de Guimar\u00e3es\",\"isPartOf\":{\"@id\":\"https:\\\/\\\/quintadeguimaraes.com\\\/#website\"},\"datePublished\":\"2022-02-15T16:59:57+00:00\",\"dateModified\":\"2024-12-19T14:53:14+00:00\",\"description\":\"Si est\u00e1 interesado en una estancia estimulante, p\u00f3ngase en contacto con nosotros para saber m\u00e1s sobre esta Quinta familiar, en el coraz\u00f3n del Valle del Duero\",\"breadcrumb\":{\"@id\":\"https:\\\/\\\/quintadeguimaraes.com\\\/contactos\\\/#breadcrumb\"},\"inLanguage\":\"es\",\"potentialAction\":[{\"@type\":\"ReadAction\",\"target\":[\"https:\\\/\\\/quintadeguimaraes.com\\\/contactos\\\/\"]}]},{\"@type\":\"BreadcrumbList\",\"@id\":\"https:\\\/\\\/quintadeguimaraes.com\\\/contactos\\\/#breadcrumb\",\"itemListElement\":[{\"@type\":\"ListItem\",\"position\":1,\"name\":\"In\u00edcio\",\"item\":\"https:\\\/\\\/quintadeguimaraes.com\\\/es\\\/inicio\\\/\"},{\"@type\":\"ListItem\",\"position\":2,\"name\":\"Contactos\"}]},{\"@type\":\"WebSite\",\"@id\":\"https:\\\/\\\/quintadeguimaraes.com\\\/#website\",\"url\":\"https:\\\/\\\/quintadeguimaraes.com\\\/\",\"name\":\"Quinta de Guimar\u00e3es\",\"description\":\"Natureza, autenticidade e tradi\u00e7\u00e3o\",\"publisher\":{\"@id\":\"https:\\\/\\\/quintadeguimaraes.com\\\/#organization\"},\"potentialAction\":[{\"@type\":\"SearchAction\",\"target\":{\"@type\":\"EntryPoint\",\"urlTemplate\":\"https:\\\/\\\/quintadeguimaraes.com\\\/?s={search_term_string}\"},\"query-input\":{\"@type\":\"PropertyValueSpecification\",\"valueRequired\":true,\"valueName\":\"search_term_string\"}}],\"inLanguage\":\"es\"},{\"@type\":\"Organization\",\"@id\":\"https:\\\/\\\/quintadeguimaraes.com\\\/#organization\",\"name\":\"Quinta de Guimar\u00e3es\",\"url\":\"https:\\\/\\\/quintadeguimaraes.com\\\/\",\"logo\":{\"@type\":\"ImageObject\",\"inLanguage\":\"es\",\"@id\":\"https:\\\/\\\/quintadeguimaraes.com\\\/#\\\/schema\\\/logo\\\/image\\\/\",\"url\":\"https:\\\/\\\/quintadeguimaraes.com\\\/wp-content\\\/uploads\\\/2022\\\/06\\\/quinta-de-guimaraes.png\",\"contentUrl\":\"https:\\\/\\\/quintadeguimaraes.com\\\/wp-content\\\/uploads\\\/2022\\\/06\\\/quinta-de-guimaraes.png\",\"width\":1024,\"height\":720,\"caption\":\"Quinta de Guimar\u00e3es\"},\"image\":{\"@id\":\"https:\\\/\\\/quintadeguimaraes.com\\\/#\\\/schema\\\/logo\\\/image\\\/\"},\"sameAs\":[\"https:\\\/\\\/www.instagram.com\\\/quintadeguimaraes\\\/\"]}]}<\/script>\n<!-- \/ Yoast SEO plugin. -->","yoast_head_json":{"title":"Contactos - Quinta de Guimar\u00e3es","description":"Si est\u00e1 interesado en una estancia estimulante, p\u00f3ngase en contacto con nosotros para saber m\u00e1s sobre esta Quinta familiar, en el coraz\u00f3n del Valle del Duero","robots":{"index":"index","follow":"follow","max-snippet":"max-snippet:-1","max-image-preview":"max-image-preview:large","max-video-preview":"max-video-preview:-1"},"canonical":"https:\/\/quintadeguimaraes.com\/contactos\/","og_locale":"es_ES","og_type":"article","og_title":"Contactos - Quinta de Guimar\u00e3es","og_description":"Si est\u00e1 interesado en una estancia estimulante, p\u00f3ngase en contacto con nosotros para saber m\u00e1s sobre esta Quinta familiar, en el coraz\u00f3n del Valle del Duero","og_url":"https:\/\/quintadeguimaraes.com\/contactos\/","og_site_name":"Quinta de Guimar\u00e3es","article_modified_time":"2024-12-19T14:53:14+00:00","og_image":[{"width":1200,"height":490,"url":"https:\/\/quintadeguimaraes.com\/wp-content\/uploads\/2023\/07\/QuintadeGuimaraes.jpg","type":"image\/jpeg"}],"twitter_card":"summary_large_image","schema":{"@context":"https:\/\/schema.org","@graph":[{"@type":"WebPage","@id":"https:\/\/quintadeguimaraes.com\/contactos\/","url":"https:\/\/quintadeguimaraes.com\/contactos\/","name":"Contactos - Quinta de Guimar\u00e3es","isPartOf":{"@id":"https:\/\/quintadeguimaraes.com\/#website"},"datePublished":"2022-02-15T16:59:57+00:00","dateModified":"2024-12-19T14:53:14+00:00","description":"Si est\u00e1 interesado en una estancia estimulante, p\u00f3ngase en contacto con nosotros para saber m\u00e1s sobre esta Quinta familiar, en el coraz\u00f3n del Valle del Duero","breadcrumb":{"@id":"https:\/\/quintadeguimaraes.com\/contactos\/#breadcrumb"},"inLanguage":"es","potentialAction":[{"@type":"ReadAction","target":["https:\/\/quintadeguimaraes.com\/contactos\/"]}]},{"@type":"BreadcrumbList","@id":"https:\/\/quintadeguimaraes.com\/contactos\/#breadcrumb","itemListElement":[{"@type":"ListItem","position":1,"name":"In\u00edcio","item":"https:\/\/quintadeguimaraes.com\/es\/inicio\/"},{"@type":"ListItem","position":2,"name":"Contactos"}]},{"@type":"WebSite","@id":"https:\/\/quintadeguimaraes.com\/#website","url":"https:\/\/quintadeguimaraes.com\/","name":"Quinta de Guimar\u00e3es","description":"Natureza, autenticidade e tradi\u00e7\u00e3o","publisher":{"@id":"https:\/\/quintadeguimaraes.com\/#organization"},"potentialAction":[{"@type":"SearchAction","target":{"@type":"EntryPoint","urlTemplate":"https:\/\/quintadeguimaraes.com\/?s={search_term_string}"},"query-input":{"@type":"PropertyValueSpecification","valueRequired":true,"valueName":"search_term_string"}}],"inLanguage":"es"},{"@type":"Organization","@id":"https:\/\/quintadeguimaraes.com\/#organization","name":"Quinta de Guimar\u00e3es","url":"https:\/\/quintadeguimaraes.com\/","logo":{"@type":"ImageObject","inLanguage":"es","@id":"https:\/\/quintadeguimaraes.com\/#\/schema\/logo\/image\/","url":"https:\/\/quintadeguimaraes.com\/wp-content\/uploads\/2022\/06\/quinta-de-guimaraes.png","contentUrl":"https:\/\/quintadeguimaraes.com\/wp-content\/uploads\/2022\/06\/quinta-de-guimaraes.png","width":1024,"height":720,"caption":"Quinta de Guimar\u00e3es"},"image":{"@id":"https:\/\/quintadeguimaraes.com\/#\/schema\/logo\/image\/"},"sameAs":["https:\/\/www.instagram.com\/quintadeguimaraes\/"]}]}},"_links":{"self":[{"href":"https:\/\/quintadeguimaraes.com\/es\/wp-json\/wp\/v2\/pages\/2133","targetHints":{"allow":["GET"]}}],"collection":[{"href":"https:\/\/quintadeguimaraes.com\/es\/wp-json\/wp\/v2\/pages"}],"about":[{"href":"https:\/\/quintadeguimaraes.com\/es\/wp-json\/wp\/v2\/types\/page"}],"author":[{"embeddable":true,"href":"https:\/\/quintadeguimaraes.com\/es\/wp-json\/wp\/v2\/users\/2"}],"replies":[{"embeddable":true,"href":"https:\/\/quintadeguimaraes.com\/es\/wp-json\/wp\/v2\/comments?post=2133"}],"version-history":[{"count":2,"href":"https:\/\/quintadeguimaraes.com\/es\/wp-json\/wp\/v2\/pages\/2133\/revisions"}],"predecessor-version":[{"id":4930,"href":"https:\/\/quintadeguimaraes.com\/es\/wp-json\/wp\/v2\/pages\/2133\/revisions\/4930"}],"wp:attachment":[{"href":"https:\/\/quintadeguimaraes.com\/es\/wp-json\/wp\/v2\/media?parent=2133"}],"curies":[{"name":"wp","href":"https:\/\/api.w.org\/{rel}","templated":true}]}}