{"id":2483,"date":"2022-04-08T13:12:58","date_gmt":"2022-04-08T13:12:58","guid":{"rendered":"https:\/\/quintadeguimaraes.com\/experiencias-na-regiao\/"},"modified":"2022-06-16T14:23:38","modified_gmt":"2022-06-16T14:23:38","slug":"experiencias-en-la-region","status":"publish","type":"page","link":"https:\/\/quintadeguimaraes.com\/es\/experiencias-en-la-region\/","title":{"rendered":"Experiencias en la Regi\u00f3n"},"content":{"rendered":"\t\t<div data-elementor-type=\"wp-page\" data-elementor-id=\"2483\" class=\"elementor elementor-2483 elementor-2453\" data-elementor-post-type=\"page\">\n\t\t\t\t\t\t<section class=\"elementor-section elementor-top-section elementor-element elementor-element-8794db8 elementor-section-full_width elementor-section-height-default elementor-section-height-default\" data-id=\"8794db8\" data-element_type=\"section\" data-settings=\"{&quot;jet_parallax_layout_list&quot;:[]}\">\n\t\t\t\t\t\t<div class=\"elementor-container elementor-column-gap-default\">\n\t\t\t\t\t<div class=\"elementor-column elementor-col-50 elementor-top-column elementor-element elementor-element-12eaafa\" data-id=\"12eaafa\" data-element_type=\"column\" data-settings=\"{&quot;background_background&quot;:&quot;classic&quot;}\">\n\t\t\t<div class=\"elementor-widget-wrap elementor-element-populated\">\n\t\t\t\t\t\t<div class=\"elementor-element elementor-element-b592e47 elementor-widget elementor-widget-heading\" data-id=\"b592e47\" data-element_type=\"widget\" data-widget_type=\"heading.default\">\n\t\t\t\t<div class=\"elementor-widget-container\">\n\t\t\t\t\t<h2 class=\"elementor-heading-title elementor-size-default\">Experiencias en la Regi\u00f3n<\/h2>\t\t\t\t<\/div>\n\t\t\t\t<\/div>\n\t\t\t\t<div class=\"elementor-element elementor-element-6074e71 elementor-widget elementor-widget-text-editor\" data-id=\"6074e71\" data-element_type=\"widget\" data-widget_type=\"text-editor.default\">\n\t\t\t\t<div class=\"elementor-widget-container\">\n\t\t\t\t\t\t\t\t\t<p>Sea parte de las tradiciones vivas y de la naturaleza \u00fanica de la regi\u00f3n vin\u00edcola del Duero, mientras cree recuerdos para toda la vida.<\/p>\n\t\t\t\t\t\t\t\t<\/div>\n\t\t\t\t<\/div>\n\t\t\t\t<div class=\"elementor-element elementor-element-f36efb6 elementor-widget elementor-widget-text-editor\" data-id=\"f36efb6\" data-element_type=\"widget\" data-widget_type=\"text-editor.default\">\n\t\t\t\t<div class=\"elementor-widget-container\">\n\t\t\t\t\t\t\t\t\t<p>&#8211; Paseos en barco por el rio Duero<br \/>\n&#8211; Paseos en las playas fluviales y cascadas, ciudades hist\u00f3ricas, villas y aldeas pintorescas.<br \/>\n&#8211; Paseos tur\u00edsticos: visita al Monasterio de Santa Maria de C\u00e1rquere (13Km) a la Casa de Tormes (10Km) , al Museo del Duero (18Km), al encantador pueblo de Mafomedes (17Km), a la bonita ciudad de Lamego (30Km) o a la magnifica Casa de Mateus (40km)<br \/>\n&#8211; Campo de Golf a 30 km<br \/>\n&#8211; Pruebas de Vino<\/p>\n\t\t\t\t\t\t\t\t<\/div>\n\t\t\t\t<\/div>\n\t\t\t\t\t<\/div>\n\t\t<\/div>\n\t\t\t\t<div class=\"elementor-column elementor-col-50 elementor-top-column elementor-element elementor-element-cd0f8c0\" data-id=\"cd0f8c0\" data-element_type=\"column\" data-settings=\"{&quot;background_background&quot;:&quot;classic&quot;}\">\n\t\t\t<div class=\"elementor-widget-wrap elementor-element-populated\">\n\t\t\t\t\t\t<div class=\"elementor-element elementor-element-2562cf5 elementor-widget elementor-widget-spacer\" data-id=\"2562cf5\" data-element_type=\"widget\" data-widget_type=\"spacer.default\">\n\t\t\t\t<div class=\"elementor-widget-container\">\n\t\t\t\t\t\t\t<div class=\"elementor-spacer\">\n\t\t\t<div class=\"elementor-spacer-inner\"><\/div>\n\t\t<\/div>\n\t\t\t\t\t\t<\/div>\n\t\t\t\t<\/div>\n\t\t\t\t\t<\/div>\n\t\t<\/div>\n\t\t\t\t\t<\/div>\n\t\t<\/section>\n\t\t\t\t<section class=\"elementor-section elementor-top-section elementor-element elementor-element-62d20ac elementor-section-full_width elementor-section-height-default elementor-section-height-default\" data-id=\"62d20ac\" data-element_type=\"section\" data-settings=\"{&quot;jet_parallax_layout_list&quot;:[]}\">\n\t\t\t\t\t\t<div class=\"elementor-container elementor-column-gap-default\">\n\t\t\t\t\t<div class=\"elementor-column elementor-col-100 elementor-top-column elementor-element elementor-element-fcb50f3\" data-id=\"fcb50f3\" data-element_type=\"column\">\n\t\t\t<div class=\"elementor-widget-wrap elementor-element-populated\">\n\t\t\t\t\t\t<div class=\"elementor-element elementor-element-fde3b77 elementor-widget elementor-widget-gallery\" data-id=\"fde3b77\" data-element_type=\"widget\" data-settings=\"{&quot;columns&quot;:3,&quot;gap&quot;:{&quot;unit&quot;:&quot;px&quot;,&quot;size&quot;:5,&quot;sizes&quot;:[]},&quot;gap_mobile&quot;:{&quot;unit&quot;:&quot;px&quot;,&quot;size&quot;:0,&quot;sizes&quot;:[]},&quot;gap_tablet&quot;:{&quot;unit&quot;:&quot;px&quot;,&quot;size&quot;:0,&quot;sizes&quot;:[]},&quot;lazyload&quot;:&quot;yes&quot;,&quot;gallery_layout&quot;:&quot;grid&quot;,&quot;columns_tablet&quot;:2,&quot;columns_mobile&quot;:1,&quot;link_to&quot;:&quot;file&quot;,&quot;aspect_ratio&quot;:&quot;3:2&quot;,&quot;overlay_background&quot;:&quot;yes&quot;,&quot;content_hover_animation&quot;:&quot;fade-in&quot;}\" data-widget_type=\"gallery.default\">\n\t\t\t\t<div class=\"elementor-widget-container\">\n\t\t\t\t\t\t\t<div class=\"elementor-gallery__container\">\n\t\t\t\t\t\t\t<a class=\"e-gallery-item elementor-gallery-item elementor-animated-content\" href=\"https:\/\/quintadeguimaraes.com\/wp-content\/uploads\/2022\/04\/quinta-de-guimaraes-experiencias-na-regiao-00001.jpg\" data-elementor-open-lightbox=\"yes\" data-elementor-lightbox-slideshow=\"fde3b77\" data-elementor-lightbox-title=\"quinta-de-guimaraes-experiencias-na-regiao-00001\" data-e-action-hash=\"#elementor-action%3Aaction%3Dlightbox%26settings%3DeyJpZCI6MjYxOSwidXJsIjoiaHR0cHM6XC9cL3F1aW50YWRlZ3VpbWFyYWVzLmNvbVwvd3AtY29udGVudFwvdXBsb2Fkc1wvMjAyMlwvMDRcL3F1aW50YS1kZS1ndWltYXJhZXMtZXhwZXJpZW5jaWFzLW5hLXJlZ2lhby0wMDAwMS5qcGciLCJzbGlkZXNob3ciOiJmZGUzYjc3In0%3D\">\n\t\t\t\t\t<div class=\"e-gallery-image elementor-gallery-item__image\" data-thumbnail=\"https:\/\/quintadeguimaraes.com\/wp-content\/uploads\/2022\/04\/quinta-de-guimaraes-experiencias-na-regiao-00001-768x512.jpg\" data-width=\"768\" data-height=\"512\" aria-label=\"\" role=\"img\" ><\/div>\n\t\t\t\t\t\t\t\t\t\t\t<div class=\"elementor-gallery-item__overlay\"><\/div>\n\t\t\t\t\t\t\t\t\t\t\t\t\t\t<\/a>\n\t\t\t\t\t\t\t<a class=\"e-gallery-item elementor-gallery-item elementor-animated-content\" href=\"https:\/\/quintadeguimaraes.com\/wp-content\/uploads\/2022\/04\/quinta-de-guimaraes-experiencias-na-regiao-00002.jpg\" data-elementor-open-lightbox=\"yes\" data-elementor-lightbox-slideshow=\"fde3b77\" data-elementor-lightbox-title=\"quinta-de-guimaraes-experiencias-na-regiao-00002\" data-e-action-hash=\"#elementor-action%3Aaction%3Dlightbox%26settings%3DeyJpZCI6MjYyMywidXJsIjoiaHR0cHM6XC9cL3F1aW50YWRlZ3VpbWFyYWVzLmNvbVwvd3AtY29udGVudFwvdXBsb2Fkc1wvMjAyMlwvMDRcL3F1aW50YS1kZS1ndWltYXJhZXMtZXhwZXJpZW5jaWFzLW5hLXJlZ2lhby0wMDAwMi5qcGciLCJzbGlkZXNob3ciOiJmZGUzYjc3In0%3D\">\n\t\t\t\t\t<div class=\"e-gallery-image elementor-gallery-item__image\" data-thumbnail=\"https:\/\/quintadeguimaraes.com\/wp-content\/uploads\/2022\/04\/quinta-de-guimaraes-experiencias-na-regiao-00002-768x575.jpg\" data-width=\"768\" data-height=\"575\" aria-label=\"\" role=\"img\" ><\/div>\n\t\t\t\t\t\t\t\t\t\t\t<div class=\"elementor-gallery-item__overlay\"><\/div>\n\t\t\t\t\t\t\t\t\t\t\t\t\t\t<\/a>\n\t\t\t\t\t\t\t<a class=\"e-gallery-item elementor-gallery-item elementor-animated-content\" href=\"https:\/\/quintadeguimaraes.com\/wp-content\/uploads\/2022\/04\/quinta-de-guimaraes-experiencias-na-regiao-00003.jpg\" data-elementor-open-lightbox=\"yes\" data-elementor-lightbox-slideshow=\"fde3b77\" data-elementor-lightbox-title=\"quinta-de-guimaraes-experiencias-na-regiao-00003\" data-e-action-hash=\"#elementor-action%3Aaction%3Dlightbox%26settings%3DeyJpZCI6MjYyNywidXJsIjoiaHR0cHM6XC9cL3F1aW50YWRlZ3VpbWFyYWVzLmNvbVwvd3AtY29udGVudFwvdXBsb2Fkc1wvMjAyMlwvMDRcL3F1aW50YS1kZS1ndWltYXJhZXMtZXhwZXJpZW5jaWFzLW5hLXJlZ2lhby0wMDAwMy5qcGciLCJzbGlkZXNob3ciOiJmZGUzYjc3In0%3D\">\n\t\t\t\t\t<div class=\"e-gallery-image elementor-gallery-item__image\" data-thumbnail=\"https:\/\/quintadeguimaraes.com\/wp-content\/uploads\/2022\/04\/quinta-de-guimaraes-experiencias-na-regiao-00003-768x509.jpg\" data-width=\"768\" data-height=\"509\" aria-label=\"\" role=\"img\" ><\/div>\n\t\t\t\t\t\t\t\t\t\t\t<div class=\"elementor-gallery-item__overlay\"><\/div>\n\t\t\t\t\t\t\t\t\t\t\t\t\t\t<\/a>\n\t\t\t\t\t\t\t<a class=\"e-gallery-item elementor-gallery-item elementor-animated-content\" href=\"https:\/\/quintadeguimaraes.com\/wp-content\/uploads\/2022\/04\/quinta-de-guimaraes-experiencias-na-regiao-00004.jpg\" data-elementor-open-lightbox=\"yes\" data-elementor-lightbox-slideshow=\"fde3b77\" data-elementor-lightbox-title=\"quinta-de-guimaraes-experiencias-na-regiao-00004\" data-e-action-hash=\"#elementor-action%3Aaction%3Dlightbox%26settings%3DeyJpZCI6MjYzMSwidXJsIjoiaHR0cHM6XC9cL3F1aW50YWRlZ3VpbWFyYWVzLmNvbVwvd3AtY29udGVudFwvdXBsb2Fkc1wvMjAyMlwvMDRcL3F1aW50YS1kZS1ndWltYXJhZXMtZXhwZXJpZW5jaWFzLW5hLXJlZ2lhby0wMDAwNC5qcGciLCJzbGlkZXNob3ciOiJmZGUzYjc3In0%3D\">\n\t\t\t\t\t<div class=\"e-gallery-image elementor-gallery-item__image\" data-thumbnail=\"https:\/\/quintadeguimaraes.com\/wp-content\/uploads\/2022\/04\/quinta-de-guimaraes-experiencias-na-regiao-00004-768x576.jpg\" data-width=\"768\" data-height=\"576\" aria-label=\"\" role=\"img\" ><\/div>\n\t\t\t\t\t\t\t\t\t\t\t<div class=\"elementor-gallery-item__overlay\"><\/div>\n\t\t\t\t\t\t\t\t\t\t\t\t\t\t<\/a>\n\t\t\t\t\t\t\t<a class=\"e-gallery-item elementor-gallery-item elementor-animated-content\" href=\"https:\/\/quintadeguimaraes.com\/wp-content\/uploads\/2022\/04\/quinta-de-guimaraes-experiencias-na-regiao-00005.jpg\" data-elementor-open-lightbox=\"yes\" data-elementor-lightbox-slideshow=\"fde3b77\" data-elementor-lightbox-title=\"quinta-de-guimaraes-experiencias-na-regiao-00005\" data-e-action-hash=\"#elementor-action%3Aaction%3Dlightbox%26settings%3DeyJpZCI6MjYzNSwidXJsIjoiaHR0cHM6XC9cL3F1aW50YWRlZ3VpbWFyYWVzLmNvbVwvd3AtY29udGVudFwvdXBsb2Fkc1wvMjAyMlwvMDRcL3F1aW50YS1kZS1ndWltYXJhZXMtZXhwZXJpZW5jaWFzLW5hLXJlZ2lhby0wMDAwNS5qcGciLCJzbGlkZXNob3ciOiJmZGUzYjc3In0%3D\">\n\t\t\t\t\t<div class=\"e-gallery-image elementor-gallery-item__image\" data-thumbnail=\"https:\/\/quintadeguimaraes.com\/wp-content\/uploads\/2022\/04\/quinta-de-guimaraes-experiencias-na-regiao-00005-768x576.jpg\" data-width=\"768\" data-height=\"576\" aria-label=\"\" role=\"img\" ><\/div>\n\t\t\t\t\t\t\t\t\t\t\t<div class=\"elementor-gallery-item__overlay\"><\/div>\n\t\t\t\t\t\t\t\t\t\t\t\t\t\t<\/a>\n\t\t\t\t\t\t\t<a class=\"e-gallery-item elementor-gallery-item elementor-animated-content\" href=\"https:\/\/quintadeguimaraes.com\/wp-content\/uploads\/2022\/04\/quinta-de-guimaraes-experiencias-na-regiao-00006.jpg\" data-elementor-open-lightbox=\"yes\" data-elementor-lightbox-slideshow=\"fde3b77\" data-elementor-lightbox-title=\"quinta-de-guimaraes-experiencias-na-regiao-00006\" data-e-action-hash=\"#elementor-action%3Aaction%3Dlightbox%26settings%3DeyJpZCI6MjYzOSwidXJsIjoiaHR0cHM6XC9cL3F1aW50YWRlZ3VpbWFyYWVzLmNvbVwvd3AtY29udGVudFwvdXBsb2Fkc1wvMjAyMlwvMDRcL3F1aW50YS1kZS1ndWltYXJhZXMtZXhwZXJpZW5jaWFzLW5hLXJlZ2lhby0wMDAwNi5qcGciLCJzbGlkZXNob3ciOiJmZGUzYjc3In0%3D\">\n\t\t\t\t\t<div class=\"e-gallery-image elementor-gallery-item__image\" data-thumbnail=\"https:\/\/quintadeguimaraes.com\/wp-content\/uploads\/2022\/04\/quinta-de-guimaraes-experiencias-na-regiao-00006-768x576.jpg\" data-width=\"768\" data-height=\"576\" aria-label=\"\" role=\"img\" ><\/div>\n\t\t\t\t\t\t\t\t\t\t\t<div class=\"elementor-gallery-item__overlay\"><\/div>\n\t\t\t\t\t\t\t\t\t\t\t\t\t\t<\/a>\n\t\t\t\t\t\t\t<a class=\"e-gallery-item elementor-gallery-item elementor-animated-content\" href=\"https:\/\/quintadeguimaraes.com\/wp-content\/uploads\/2022\/04\/quinta-de-guimaraes-experiencias-na-regiao-00007.jpg\" data-elementor-open-lightbox=\"yes\" data-elementor-lightbox-slideshow=\"fde3b77\" data-elementor-lightbox-title=\"quinta-de-guimaraes-experiencias-na-regiao-00007\" data-e-action-hash=\"#elementor-action%3Aaction%3Dlightbox%26settings%3DeyJpZCI6MjY0MywidXJsIjoiaHR0cHM6XC9cL3F1aW50YWRlZ3VpbWFyYWVzLmNvbVwvd3AtY29udGVudFwvdXBsb2Fkc1wvMjAyMlwvMDRcL3F1aW50YS1kZS1ndWltYXJhZXMtZXhwZXJpZW5jaWFzLW5hLXJlZ2lhby0wMDAwNy5qcGciLCJzbGlkZXNob3ciOiJmZGUzYjc3In0%3D\">\n\t\t\t\t\t<div class=\"e-gallery-image elementor-gallery-item__image\" data-thumbnail=\"https:\/\/quintadeguimaraes.com\/wp-content\/uploads\/2022\/04\/quinta-de-guimaraes-experiencias-na-regiao-00007-768x576.jpg\" data-width=\"768\" data-height=\"576\" aria-label=\"\" role=\"img\" ><\/div>\n\t\t\t\t\t\t\t\t\t\t\t<div class=\"elementor-gallery-item__overlay\"><\/div>\n\t\t\t\t\t\t\t\t\t\t\t\t\t\t<\/a>\n\t\t\t\t\t\t\t<a class=\"e-gallery-item elementor-gallery-item elementor-animated-content\" href=\"https:\/\/quintadeguimaraes.com\/wp-content\/uploads\/2022\/04\/quinta-de-guimaraes-experiencias-na-regiao-00008.jpg\" data-elementor-open-lightbox=\"yes\" data-elementor-lightbox-slideshow=\"fde3b77\" data-elementor-lightbox-title=\"quinta-de-guimaraes-experiencias-na-regiao-00008\" data-e-action-hash=\"#elementor-action%3Aaction%3Dlightbox%26settings%3DeyJpZCI6MjY0NywidXJsIjoiaHR0cHM6XC9cL3F1aW50YWRlZ3VpbWFyYWVzLmNvbVwvd3AtY29udGVudFwvdXBsb2Fkc1wvMjAyMlwvMDRcL3F1aW50YS1kZS1ndWltYXJhZXMtZXhwZXJpZW5jaWFzLW5hLXJlZ2lhby0wMDAwOC5qcGciLCJzbGlkZXNob3ciOiJmZGUzYjc3In0%3D\">\n\t\t\t\t\t<div class=\"e-gallery-image elementor-gallery-item__image\" data-thumbnail=\"https:\/\/quintadeguimaraes.com\/wp-content\/uploads\/2022\/04\/quinta-de-guimaraes-experiencias-na-regiao-00008-768x512.jpg\" data-width=\"768\" data-height=\"512\" aria-label=\"\" role=\"img\" ><\/div>\n\t\t\t\t\t\t\t\t\t\t\t<div class=\"elementor-gallery-item__overlay\"><\/div>\n\t\t\t\t\t\t\t\t\t\t\t\t\t\t<\/a>\n\t\t\t\t\t\t\t<a class=\"e-gallery-item elementor-gallery-item elementor-animated-content\" href=\"https:\/\/quintadeguimaraes.com\/wp-content\/uploads\/2022\/04\/quinta-de-guimaraes-experiencias-na-regiao-00009.jpg\" data-elementor-open-lightbox=\"yes\" data-elementor-lightbox-slideshow=\"fde3b77\" data-elementor-lightbox-title=\"Food festival with different cheeses and white wine in a vintage restaurant\" data-e-action-hash=\"#elementor-action%3Aaction%3Dlightbox%26settings%3DeyJpZCI6MjY1MSwidXJsIjoiaHR0cHM6XC9cL3F1aW50YWRlZ3VpbWFyYWVzLmNvbVwvd3AtY29udGVudFwvdXBsb2Fkc1wvMjAyMlwvMDRcL3F1aW50YS1kZS1ndWltYXJhZXMtZXhwZXJpZW5jaWFzLW5hLXJlZ2lhby0wMDAwOS5qcGciLCJzbGlkZXNob3ciOiJmZGUzYjc3In0%3D\">\n\t\t\t\t\t<div class=\"e-gallery-image elementor-gallery-item__image\" data-thumbnail=\"https:\/\/quintadeguimaraes.com\/wp-content\/uploads\/2022\/04\/quinta-de-guimaraes-experiencias-na-regiao-00009-768x512.jpg\" data-width=\"768\" data-height=\"512\" aria-label=\"\" role=\"img\" ><\/div>\n\t\t\t\t\t\t\t\t\t\t\t<div class=\"elementor-gallery-item__overlay\"><\/div>\n\t\t\t\t\t\t\t\t\t\t\t\t\t\t<\/a>\n\t\t\t\t\t<\/div>\n\t\t\t\t\t<\/div>\n\t\t\t\t<\/div>\n\t\t\t\t\t<\/div>\n\t\t<\/div>\n\t\t\t\t\t<\/div>\n\t\t<\/section>\n\t\t\t\t<\/div>\n\t\t","protected":false},"excerpt":{"rendered":"","protected":false},"author":2,"featured_media":0,"parent":0,"menu_order":0,"comment_status":"closed","ping_status":"closed","template":"","meta":{"_acf_changed":false,"footnotes":""},"class_list":["post-2483","page","type-page","status-publish","hentry"],"acf":[],"yoast_head":"<!-- This site is optimized with the Yoast SEO plugin v27.5 - https:\/\/yoast.com\/product\/yoast-seo-wordpress\/ -->\n<title>Experiencias en la Regi\u00f3n - Quinta de Guimar\u00e3es<\/title>\n<meta name=\"description\" content=\"Sea parte de las tradiciones vivas y de la naturaleza \u00fanica de la regi\u00f3n vin\u00edcola del Duero, mientras cree recuerdos para toda la vida: paseos en barco por el Duero; golf; catas de vino; playas fluviales, cascadas, ciudades hist\u00f3ricas.\" \/>\n<meta name=\"robots\" content=\"index, follow, max-snippet:-1, max-image-preview:large, max-video-preview:-1\" \/>\n<link rel=\"canonical\" href=\"https:\/\/quintadeguimaraes.com\/experiencias-na-regiao\/\" \/>\n<meta property=\"og:locale\" content=\"es_ES\" \/>\n<meta property=\"og:type\" content=\"article\" \/>\n<meta property=\"og:title\" content=\"Experiencias en la Regi\u00f3n - Quinta de Guimar\u00e3es\" \/>\n<meta property=\"og:description\" content=\"Sea parte de las tradiciones vivas y de la naturaleza \u00fanica de la regi\u00f3n vin\u00edcola del Duero, mientras cree recuerdos para toda la vida: paseos en barco por el Duero; golf; catas de vino; playas fluviales, cascadas, ciudades hist\u00f3ricas.\" \/>\n<meta property=\"og:url\" content=\"https:\/\/quintadeguimaraes.com\/experiencias-na-regiao\/\" \/>\n<meta property=\"og:site_name\" content=\"Quinta de Guimar\u00e3es\" \/>\n<meta property=\"article:modified_time\" content=\"2022-06-16T14:23:38+00:00\" \/>\n<meta property=\"og:image\" content=\"https:\/\/quintadeguimaraes.com\/wp-content\/uploads\/2023\/07\/QuintadeGuimaraes.jpg\" \/>\n\t<meta property=\"og:image:width\" content=\"1200\" \/>\n\t<meta property=\"og:image:height\" content=\"490\" \/>\n\t<meta property=\"og:image:type\" content=\"image\/jpeg\" \/>\n<meta name=\"twitter:card\" content=\"summary_large_image\" \/>\n<script type=\"application\/ld+json\" class=\"yoast-schema-graph\">{\"@context\":\"https:\\\/\\\/schema.org\",\"@graph\":[{\"@type\":\"WebPage\",\"@id\":\"https:\\\/\\\/quintadeguimaraes.com\\\/experiencias-na-regiao\\\/\",\"url\":\"https:\\\/\\\/quintadeguimaraes.com\\\/experiencias-na-regiao\\\/\",\"name\":\"Experiencias en la Regi\u00f3n - Quinta de Guimar\u00e3es\",\"isPartOf\":{\"@id\":\"https:\\\/\\\/quintadeguimaraes.com\\\/#website\"},\"datePublished\":\"2022-04-08T13:12:58+00:00\",\"dateModified\":\"2022-06-16T14:23:38+00:00\",\"description\":\"Sea parte de las tradiciones vivas y de la naturaleza \u00fanica de la regi\u00f3n vin\u00edcola del Duero, mientras cree recuerdos para toda la vida: paseos en barco por el Duero; golf; catas de vino; playas fluviales, cascadas, ciudades hist\u00f3ricas.\",\"breadcrumb\":{\"@id\":\"https:\\\/\\\/quintadeguimaraes.com\\\/experiencias-na-regiao\\\/#breadcrumb\"},\"inLanguage\":\"es\",\"potentialAction\":[{\"@type\":\"ReadAction\",\"target\":[\"https:\\\/\\\/quintadeguimaraes.com\\\/experiencias-na-regiao\\\/\"]}]},{\"@type\":\"BreadcrumbList\",\"@id\":\"https:\\\/\\\/quintadeguimaraes.com\\\/experiencias-na-regiao\\\/#breadcrumb\",\"itemListElement\":[{\"@type\":\"ListItem\",\"position\":1,\"name\":\"In\u00edcio\",\"item\":\"https:\\\/\\\/quintadeguimaraes.com\\\/es\\\/inicio\\\/\"},{\"@type\":\"ListItem\",\"position\":2,\"name\":\"Experiencias en la Regi\u00f3n\"}]},{\"@type\":\"WebSite\",\"@id\":\"https:\\\/\\\/quintadeguimaraes.com\\\/#website\",\"url\":\"https:\\\/\\\/quintadeguimaraes.com\\\/\",\"name\":\"Quinta de Guimar\u00e3es\",\"description\":\"Natureza, autenticidade e tradi\u00e7\u00e3o\",\"publisher\":{\"@id\":\"https:\\\/\\\/quintadeguimaraes.com\\\/#organization\"},\"potentialAction\":[{\"@type\":\"SearchAction\",\"target\":{\"@type\":\"EntryPoint\",\"urlTemplate\":\"https:\\\/\\\/quintadeguimaraes.com\\\/?s={search_term_string}\"},\"query-input\":{\"@type\":\"PropertyValueSpecification\",\"valueRequired\":true,\"valueName\":\"search_term_string\"}}],\"inLanguage\":\"es\"},{\"@type\":\"Organization\",\"@id\":\"https:\\\/\\\/quintadeguimaraes.com\\\/#organization\",\"name\":\"Quinta de Guimar\u00e3es\",\"url\":\"https:\\\/\\\/quintadeguimaraes.com\\\/\",\"logo\":{\"@type\":\"ImageObject\",\"inLanguage\":\"es\",\"@id\":\"https:\\\/\\\/quintadeguimaraes.com\\\/#\\\/schema\\\/logo\\\/image\\\/\",\"url\":\"https:\\\/\\\/quintadeguimaraes.com\\\/wp-content\\\/uploads\\\/2022\\\/06\\\/quinta-de-guimaraes.png\",\"contentUrl\":\"https:\\\/\\\/quintadeguimaraes.com\\\/wp-content\\\/uploads\\\/2022\\\/06\\\/quinta-de-guimaraes.png\",\"width\":1024,\"height\":720,\"caption\":\"Quinta de Guimar\u00e3es\"},\"image\":{\"@id\":\"https:\\\/\\\/quintadeguimaraes.com\\\/#\\\/schema\\\/logo\\\/image\\\/\"},\"sameAs\":[\"https:\\\/\\\/www.instagram.com\\\/quintadeguimaraes\\\/\"]}]}<\/script>\n<!-- \/ Yoast SEO plugin. -->","yoast_head_json":{"title":"Experiencias en la Regi\u00f3n - Quinta de Guimar\u00e3es","description":"Sea parte de las tradiciones vivas y de la naturaleza \u00fanica de la regi\u00f3n vin\u00edcola del Duero, mientras cree recuerdos para toda la vida: paseos en barco por el Duero; golf; catas de vino; playas fluviales, cascadas, ciudades hist\u00f3ricas.","robots":{"index":"index","follow":"follow","max-snippet":"max-snippet:-1","max-image-preview":"max-image-preview:large","max-video-preview":"max-video-preview:-1"},"canonical":"https:\/\/quintadeguimaraes.com\/experiencias-na-regiao\/","og_locale":"es_ES","og_type":"article","og_title":"Experiencias en la Regi\u00f3n - Quinta de Guimar\u00e3es","og_description":"Sea parte de las tradiciones vivas y de la naturaleza \u00fanica de la regi\u00f3n vin\u00edcola del Duero, mientras cree recuerdos para toda la vida: paseos en barco por el Duero; golf; catas de vino; playas fluviales, cascadas, ciudades hist\u00f3ricas.","og_url":"https:\/\/quintadeguimaraes.com\/experiencias-na-regiao\/","og_site_name":"Quinta de Guimar\u00e3es","article_modified_time":"2022-06-16T14:23:38+00:00","og_image":[{"width":1200,"height":490,"url":"https:\/\/quintadeguimaraes.com\/wp-content\/uploads\/2023\/07\/QuintadeGuimaraes.jpg","type":"image\/jpeg"}],"twitter_card":"summary_large_image","schema":{"@context":"https:\/\/schema.org","@graph":[{"@type":"WebPage","@id":"https:\/\/quintadeguimaraes.com\/experiencias-na-regiao\/","url":"https:\/\/quintadeguimaraes.com\/experiencias-na-regiao\/","name":"Experiencias en la Regi\u00f3n - Quinta de Guimar\u00e3es","isPartOf":{"@id":"https:\/\/quintadeguimaraes.com\/#website"},"datePublished":"2022-04-08T13:12:58+00:00","dateModified":"2022-06-16T14:23:38+00:00","description":"Sea parte de las tradiciones vivas y de la naturaleza \u00fanica de la regi\u00f3n vin\u00edcola del Duero, mientras cree recuerdos para toda la vida: paseos en barco por el Duero; golf; catas de vino; playas fluviales, cascadas, ciudades hist\u00f3ricas.","breadcrumb":{"@id":"https:\/\/quintadeguimaraes.com\/experiencias-na-regiao\/#breadcrumb"},"inLanguage":"es","potentialAction":[{"@type":"ReadAction","target":["https:\/\/quintadeguimaraes.com\/experiencias-na-regiao\/"]}]},{"@type":"BreadcrumbList","@id":"https:\/\/quintadeguimaraes.com\/experiencias-na-regiao\/#breadcrumb","itemListElement":[{"@type":"ListItem","position":1,"name":"In\u00edcio","item":"https:\/\/quintadeguimaraes.com\/es\/inicio\/"},{"@type":"ListItem","position":2,"name":"Experiencias en la Regi\u00f3n"}]},{"@type":"WebSite","@id":"https:\/\/quintadeguimaraes.com\/#website","url":"https:\/\/quintadeguimaraes.com\/","name":"Quinta de Guimar\u00e3es","description":"Natureza, autenticidade e tradi\u00e7\u00e3o","publisher":{"@id":"https:\/\/quintadeguimaraes.com\/#organization"},"potentialAction":[{"@type":"SearchAction","target":{"@type":"EntryPoint","urlTemplate":"https:\/\/quintadeguimaraes.com\/?s={search_term_string}"},"query-input":{"@type":"PropertyValueSpecification","valueRequired":true,"valueName":"search_term_string"}}],"inLanguage":"es"},{"@type":"Organization","@id":"https:\/\/quintadeguimaraes.com\/#organization","name":"Quinta de Guimar\u00e3es","url":"https:\/\/quintadeguimaraes.com\/","logo":{"@type":"ImageObject","inLanguage":"es","@id":"https:\/\/quintadeguimaraes.com\/#\/schema\/logo\/image\/","url":"https:\/\/quintadeguimaraes.com\/wp-content\/uploads\/2022\/06\/quinta-de-guimaraes.png","contentUrl":"https:\/\/quintadeguimaraes.com\/wp-content\/uploads\/2022\/06\/quinta-de-guimaraes.png","width":1024,"height":720,"caption":"Quinta de Guimar\u00e3es"},"image":{"@id":"https:\/\/quintadeguimaraes.com\/#\/schema\/logo\/image\/"},"sameAs":["https:\/\/www.instagram.com\/quintadeguimaraes\/"]}]}},"_links":{"self":[{"href":"https:\/\/quintadeguimaraes.com\/es\/wp-json\/wp\/v2\/pages\/2483","targetHints":{"allow":["GET"]}}],"collection":[{"href":"https:\/\/quintadeguimaraes.com\/es\/wp-json\/wp\/v2\/pages"}],"about":[{"href":"https:\/\/quintadeguimaraes.com\/es\/wp-json\/wp\/v2\/types\/page"}],"author":[{"embeddable":true,"href":"https:\/\/quintadeguimaraes.com\/es\/wp-json\/wp\/v2\/users\/2"}],"replies":[{"embeddable":true,"href":"https:\/\/quintadeguimaraes.com\/es\/wp-json\/wp\/v2\/comments?post=2483"}],"version-history":[{"count":0,"href":"https:\/\/quintadeguimaraes.com\/es\/wp-json\/wp\/v2\/pages\/2483\/revisions"}],"wp:attachment":[{"href":"https:\/\/quintadeguimaraes.com\/es\/wp-json\/wp\/v2\/media?parent=2483"}],"curies":[{"name":"wp","href":"https:\/\/api.w.org\/{rel}","templated":true}]}}