{"id":2482,"date":"2022-04-08T13:12:58","date_gmt":"2022-04-08T13:12:58","guid":{"rendered":"https:\/\/quintadeguimaraes.com\/experiencias-na-regiao\/"},"modified":"2022-06-16T14:23:29","modified_gmt":"2022-06-16T14:23:29","slug":"activites-dans-la-region","status":"publish","type":"page","link":"https:\/\/quintadeguimaraes.com\/fr\/activites-dans-la-region\/","title":{"rendered":"Activit\u00e9s dans la R\u00e9gion"},"content":{"rendered":"\t\t<div data-elementor-type=\"wp-page\" data-elementor-id=\"2482\" class=\"elementor elementor-2482 elementor-2453\" data-elementor-post-type=\"page\">\n\t\t\t\t\t\t<section class=\"elementor-section elementor-top-section elementor-element elementor-element-8794db8 elementor-section-full_width elementor-section-height-default elementor-section-height-default\" data-id=\"8794db8\" data-element_type=\"section\" data-settings=\"{&quot;jet_parallax_layout_list&quot;:[]}\">\n\t\t\t\t\t\t<div class=\"elementor-container elementor-column-gap-default\">\n\t\t\t\t\t<div class=\"elementor-column elementor-col-50 elementor-top-column elementor-element elementor-element-12eaafa\" data-id=\"12eaafa\" data-element_type=\"column\" data-settings=\"{&quot;background_background&quot;:&quot;classic&quot;}\">\n\t\t\t<div class=\"elementor-widget-wrap elementor-element-populated\">\n\t\t\t\t\t\t<div class=\"elementor-element elementor-element-b592e47 elementor-widget elementor-widget-heading\" data-id=\"b592e47\" data-element_type=\"widget\" data-widget_type=\"heading.default\">\n\t\t\t\t<div class=\"elementor-widget-container\">\n\t\t\t\t\t<h2 class=\"elementor-heading-title elementor-size-default\">Activit\u00e9s dans la R\u00e9gion<\/h2>\t\t\t\t<\/div>\n\t\t\t\t<\/div>\n\t\t\t\t<div class=\"elementor-element elementor-element-6074e71 elementor-widget elementor-widget-text-editor\" data-id=\"6074e71\" data-element_type=\"widget\" data-widget_type=\"text-editor.default\">\n\t\t\t\t<div class=\"elementor-widget-container\">\n\t\t\t\t\t\t\t\t\t<p>Prenez part aux traditions vivantes et \u00e0 la nature unique de la r\u00e9gion viticole du Douro, tout en cr\u00e9ant des souvenirs pour la vie.<\/p>\n\t\t\t\t\t\t\t\t<\/div>\n\t\t\t\t<\/div>\n\t\t\t\t<div class=\"elementor-element elementor-element-f36efb6 elementor-widget elementor-widget-text-editor\" data-id=\"f36efb6\" data-element_type=\"widget\" data-widget_type=\"text-editor.default\">\n\t\t\t\t<div class=\"elementor-widget-container\">\n\t\t\t\t\t\t\t\t\t<p>&#8211; Promenades en bateau dans le fleuve Douro<br \/>\n&#8211; Randonn\u00e9es p\u00e9destres dans les plages fluviales et les chutes d\u2019eau, les villes historiques ainsi que les villages pittoresques du Douro<br \/>\n&#8211; Routes touristiques: visite au Monast\u00e8re de Santa Maria de C\u00e1rquere (13km); \u00e0 la Casa de Tormes (10km), au Mus\u00e9e du Douro (18km), au village de Mafomedes (17Km), \u00e0 la belle ville de Lamego (30km) ou m\u00eame \u00e0 la splendide Casa de Mateus (40km)<br \/>\n&#8211; Golfe \u00e0 30km<br \/>\n&#8211; D\u00e9gustations de vins<\/p>\n\t\t\t\t\t\t\t\t<\/div>\n\t\t\t\t<\/div>\n\t\t\t\t\t<\/div>\n\t\t<\/div>\n\t\t\t\t<div class=\"elementor-column elementor-col-50 elementor-top-column elementor-element elementor-element-cd0f8c0\" data-id=\"cd0f8c0\" data-element_type=\"column\" data-settings=\"{&quot;background_background&quot;:&quot;classic&quot;}\">\n\t\t\t<div class=\"elementor-widget-wrap elementor-element-populated\">\n\t\t\t\t\t\t<div class=\"elementor-element elementor-element-2562cf5 elementor-widget elementor-widget-spacer\" data-id=\"2562cf5\" data-element_type=\"widget\" data-widget_type=\"spacer.default\">\n\t\t\t\t<div class=\"elementor-widget-container\">\n\t\t\t\t\t\t\t<div class=\"elementor-spacer\">\n\t\t\t<div class=\"elementor-spacer-inner\"><\/div>\n\t\t<\/div>\n\t\t\t\t\t\t<\/div>\n\t\t\t\t<\/div>\n\t\t\t\t\t<\/div>\n\t\t<\/div>\n\t\t\t\t\t<\/div>\n\t\t<\/section>\n\t\t\t\t<section class=\"elementor-section elementor-top-section elementor-element elementor-element-62d20ac elementor-section-full_width elementor-section-height-default elementor-section-height-default\" data-id=\"62d20ac\" data-element_type=\"section\" data-settings=\"{&quot;jet_parallax_layout_list&quot;:[]}\">\n\t\t\t\t\t\t<div class=\"elementor-container elementor-column-gap-default\">\n\t\t\t\t\t<div class=\"elementor-column elementor-col-100 elementor-top-column elementor-element elementor-element-fcb50f3\" data-id=\"fcb50f3\" data-element_type=\"column\">\n\t\t\t<div class=\"elementor-widget-wrap elementor-element-populated\">\n\t\t\t\t\t\t<div class=\"elementor-element elementor-element-fde3b77 elementor-widget elementor-widget-gallery\" data-id=\"fde3b77\" data-element_type=\"widget\" data-settings=\"{&quot;columns&quot;:3,&quot;gap&quot;:{&quot;unit&quot;:&quot;px&quot;,&quot;size&quot;:5,&quot;sizes&quot;:[]},&quot;gap_mobile&quot;:{&quot;unit&quot;:&quot;px&quot;,&quot;size&quot;:0,&quot;sizes&quot;:[]},&quot;gap_tablet&quot;:{&quot;unit&quot;:&quot;px&quot;,&quot;size&quot;:0,&quot;sizes&quot;:[]},&quot;lazyload&quot;:&quot;yes&quot;,&quot;gallery_layout&quot;:&quot;grid&quot;,&quot;columns_tablet&quot;:2,&quot;columns_mobile&quot;:1,&quot;link_to&quot;:&quot;file&quot;,&quot;aspect_ratio&quot;:&quot;3:2&quot;,&quot;overlay_background&quot;:&quot;yes&quot;,&quot;content_hover_animation&quot;:&quot;fade-in&quot;}\" data-widget_type=\"gallery.default\">\n\t\t\t\t<div class=\"elementor-widget-container\">\n\t\t\t\t\t\t\t<div class=\"elementor-gallery__container\">\n\t\t\t\t\t\t\t<a class=\"e-gallery-item elementor-gallery-item elementor-animated-content\" href=\"https:\/\/quintadeguimaraes.com\/wp-content\/uploads\/2022\/04\/quinta-de-guimaraes-experiencias-na-regiao-00001.jpg\" data-elementor-open-lightbox=\"yes\" data-elementor-lightbox-slideshow=\"fde3b77\" data-elementor-lightbox-title=\"quinta-de-guimaraes-experiencias-na-regiao-00001\" data-e-action-hash=\"#elementor-action%3Aaction%3Dlightbox%26settings%3DeyJpZCI6MjYxOCwidXJsIjoiaHR0cHM6XC9cL3F1aW50YWRlZ3VpbWFyYWVzLmNvbVwvd3AtY29udGVudFwvdXBsb2Fkc1wvMjAyMlwvMDRcL3F1aW50YS1kZS1ndWltYXJhZXMtZXhwZXJpZW5jaWFzLW5hLXJlZ2lhby0wMDAwMS5qcGciLCJzbGlkZXNob3ciOiJmZGUzYjc3In0%3D\">\n\t\t\t\t\t<div class=\"e-gallery-image elementor-gallery-item__image\" data-thumbnail=\"https:\/\/quintadeguimaraes.com\/wp-content\/uploads\/2022\/04\/quinta-de-guimaraes-experiencias-na-regiao-00001-768x512.jpg\" data-width=\"768\" data-height=\"512\" aria-label=\"\" role=\"img\" ><\/div>\n\t\t\t\t\t\t\t\t\t\t\t<div class=\"elementor-gallery-item__overlay\"><\/div>\n\t\t\t\t\t\t\t\t\t\t\t\t\t\t<\/a>\n\t\t\t\t\t\t\t<a class=\"e-gallery-item elementor-gallery-item elementor-animated-content\" href=\"https:\/\/quintadeguimaraes.com\/wp-content\/uploads\/2022\/04\/quinta-de-guimaraes-experiencias-na-regiao-00002.jpg\" data-elementor-open-lightbox=\"yes\" data-elementor-lightbox-slideshow=\"fde3b77\" data-elementor-lightbox-title=\"quinta-de-guimaraes-experiencias-na-regiao-00002\" data-e-action-hash=\"#elementor-action%3Aaction%3Dlightbox%26settings%3DeyJpZCI6MjYyMiwidXJsIjoiaHR0cHM6XC9cL3F1aW50YWRlZ3VpbWFyYWVzLmNvbVwvd3AtY29udGVudFwvdXBsb2Fkc1wvMjAyMlwvMDRcL3F1aW50YS1kZS1ndWltYXJhZXMtZXhwZXJpZW5jaWFzLW5hLXJlZ2lhby0wMDAwMi5qcGciLCJzbGlkZXNob3ciOiJmZGUzYjc3In0%3D\">\n\t\t\t\t\t<div class=\"e-gallery-image elementor-gallery-item__image\" data-thumbnail=\"https:\/\/quintadeguimaraes.com\/wp-content\/uploads\/2022\/04\/quinta-de-guimaraes-experiencias-na-regiao-00002-768x575.jpg\" data-width=\"768\" data-height=\"575\" aria-label=\"\" role=\"img\" ><\/div>\n\t\t\t\t\t\t\t\t\t\t\t<div class=\"elementor-gallery-item__overlay\"><\/div>\n\t\t\t\t\t\t\t\t\t\t\t\t\t\t<\/a>\n\t\t\t\t\t\t\t<a class=\"e-gallery-item elementor-gallery-item elementor-animated-content\" href=\"https:\/\/quintadeguimaraes.com\/wp-content\/uploads\/2022\/04\/quinta-de-guimaraes-experiencias-na-regiao-00003.jpg\" data-elementor-open-lightbox=\"yes\" data-elementor-lightbox-slideshow=\"fde3b77\" data-elementor-lightbox-title=\"quinta-de-guimaraes-experiencias-na-regiao-00003\" data-e-action-hash=\"#elementor-action%3Aaction%3Dlightbox%26settings%3DeyJpZCI6MjYyNiwidXJsIjoiaHR0cHM6XC9cL3F1aW50YWRlZ3VpbWFyYWVzLmNvbVwvd3AtY29udGVudFwvdXBsb2Fkc1wvMjAyMlwvMDRcL3F1aW50YS1kZS1ndWltYXJhZXMtZXhwZXJpZW5jaWFzLW5hLXJlZ2lhby0wMDAwMy5qcGciLCJzbGlkZXNob3ciOiJmZGUzYjc3In0%3D\">\n\t\t\t\t\t<div class=\"e-gallery-image elementor-gallery-item__image\" data-thumbnail=\"https:\/\/quintadeguimaraes.com\/wp-content\/uploads\/2022\/04\/quinta-de-guimaraes-experiencias-na-regiao-00003-768x509.jpg\" data-width=\"768\" data-height=\"509\" aria-label=\"\" role=\"img\" ><\/div>\n\t\t\t\t\t\t\t\t\t\t\t<div class=\"elementor-gallery-item__overlay\"><\/div>\n\t\t\t\t\t\t\t\t\t\t\t\t\t\t<\/a>\n\t\t\t\t\t\t\t<a class=\"e-gallery-item elementor-gallery-item elementor-animated-content\" href=\"https:\/\/quintadeguimaraes.com\/wp-content\/uploads\/2022\/04\/quinta-de-guimaraes-experiencias-na-regiao-00004.jpg\" data-elementor-open-lightbox=\"yes\" data-elementor-lightbox-slideshow=\"fde3b77\" data-elementor-lightbox-title=\"quinta-de-guimaraes-experiencias-na-regiao-00004\" data-e-action-hash=\"#elementor-action%3Aaction%3Dlightbox%26settings%3DeyJpZCI6MjYzMCwidXJsIjoiaHR0cHM6XC9cL3F1aW50YWRlZ3VpbWFyYWVzLmNvbVwvd3AtY29udGVudFwvdXBsb2Fkc1wvMjAyMlwvMDRcL3F1aW50YS1kZS1ndWltYXJhZXMtZXhwZXJpZW5jaWFzLW5hLXJlZ2lhby0wMDAwNC5qcGciLCJzbGlkZXNob3ciOiJmZGUzYjc3In0%3D\">\n\t\t\t\t\t<div class=\"e-gallery-image elementor-gallery-item__image\" data-thumbnail=\"https:\/\/quintadeguimaraes.com\/wp-content\/uploads\/2022\/04\/quinta-de-guimaraes-experiencias-na-regiao-00004-768x576.jpg\" data-width=\"768\" data-height=\"576\" aria-label=\"\" role=\"img\" ><\/div>\n\t\t\t\t\t\t\t\t\t\t\t<div class=\"elementor-gallery-item__overlay\"><\/div>\n\t\t\t\t\t\t\t\t\t\t\t\t\t\t<\/a>\n\t\t\t\t\t\t\t<a class=\"e-gallery-item elementor-gallery-item elementor-animated-content\" href=\"https:\/\/quintadeguimaraes.com\/wp-content\/uploads\/2022\/04\/quinta-de-guimaraes-experiencias-na-regiao-00005.jpg\" data-elementor-open-lightbox=\"yes\" data-elementor-lightbox-slideshow=\"fde3b77\" data-elementor-lightbox-title=\"quinta-de-guimaraes-experiencias-na-regiao-00005\" data-e-action-hash=\"#elementor-action%3Aaction%3Dlightbox%26settings%3DeyJpZCI6MjYzNCwidXJsIjoiaHR0cHM6XC9cL3F1aW50YWRlZ3VpbWFyYWVzLmNvbVwvd3AtY29udGVudFwvdXBsb2Fkc1wvMjAyMlwvMDRcL3F1aW50YS1kZS1ndWltYXJhZXMtZXhwZXJpZW5jaWFzLW5hLXJlZ2lhby0wMDAwNS5qcGciLCJzbGlkZXNob3ciOiJmZGUzYjc3In0%3D\">\n\t\t\t\t\t<div class=\"e-gallery-image elementor-gallery-item__image\" data-thumbnail=\"https:\/\/quintadeguimaraes.com\/wp-content\/uploads\/2022\/04\/quinta-de-guimaraes-experiencias-na-regiao-00005-768x576.jpg\" data-width=\"768\" data-height=\"576\" aria-label=\"\" role=\"img\" ><\/div>\n\t\t\t\t\t\t\t\t\t\t\t<div class=\"elementor-gallery-item__overlay\"><\/div>\n\t\t\t\t\t\t\t\t\t\t\t\t\t\t<\/a>\n\t\t\t\t\t\t\t<a class=\"e-gallery-item elementor-gallery-item elementor-animated-content\" href=\"https:\/\/quintadeguimaraes.com\/wp-content\/uploads\/2022\/04\/quinta-de-guimaraes-experiencias-na-regiao-00006.jpg\" data-elementor-open-lightbox=\"yes\" data-elementor-lightbox-slideshow=\"fde3b77\" data-elementor-lightbox-title=\"quinta-de-guimaraes-experiencias-na-regiao-00006\" data-e-action-hash=\"#elementor-action%3Aaction%3Dlightbox%26settings%3DeyJpZCI6MjYzOCwidXJsIjoiaHR0cHM6XC9cL3F1aW50YWRlZ3VpbWFyYWVzLmNvbVwvd3AtY29udGVudFwvdXBsb2Fkc1wvMjAyMlwvMDRcL3F1aW50YS1kZS1ndWltYXJhZXMtZXhwZXJpZW5jaWFzLW5hLXJlZ2lhby0wMDAwNi5qcGciLCJzbGlkZXNob3ciOiJmZGUzYjc3In0%3D\">\n\t\t\t\t\t<div class=\"e-gallery-image elementor-gallery-item__image\" data-thumbnail=\"https:\/\/quintadeguimaraes.com\/wp-content\/uploads\/2022\/04\/quinta-de-guimaraes-experiencias-na-regiao-00006-768x576.jpg\" data-width=\"768\" data-height=\"576\" aria-label=\"\" role=\"img\" ><\/div>\n\t\t\t\t\t\t\t\t\t\t\t<div class=\"elementor-gallery-item__overlay\"><\/div>\n\t\t\t\t\t\t\t\t\t\t\t\t\t\t<\/a>\n\t\t\t\t\t\t\t<a class=\"e-gallery-item elementor-gallery-item elementor-animated-content\" href=\"https:\/\/quintadeguimaraes.com\/wp-content\/uploads\/2022\/04\/quinta-de-guimaraes-experiencias-na-regiao-00007.jpg\" data-elementor-open-lightbox=\"yes\" data-elementor-lightbox-slideshow=\"fde3b77\" data-elementor-lightbox-title=\"quinta-de-guimaraes-experiencias-na-regiao-00007\" data-e-action-hash=\"#elementor-action%3Aaction%3Dlightbox%26settings%3DeyJpZCI6MjY0MiwidXJsIjoiaHR0cHM6XC9cL3F1aW50YWRlZ3VpbWFyYWVzLmNvbVwvd3AtY29udGVudFwvdXBsb2Fkc1wvMjAyMlwvMDRcL3F1aW50YS1kZS1ndWltYXJhZXMtZXhwZXJpZW5jaWFzLW5hLXJlZ2lhby0wMDAwNy5qcGciLCJzbGlkZXNob3ciOiJmZGUzYjc3In0%3D\">\n\t\t\t\t\t<div class=\"e-gallery-image elementor-gallery-item__image\" data-thumbnail=\"https:\/\/quintadeguimaraes.com\/wp-content\/uploads\/2022\/04\/quinta-de-guimaraes-experiencias-na-regiao-00007-768x576.jpg\" data-width=\"768\" data-height=\"576\" aria-label=\"\" role=\"img\" ><\/div>\n\t\t\t\t\t\t\t\t\t\t\t<div class=\"elementor-gallery-item__overlay\"><\/div>\n\t\t\t\t\t\t\t\t\t\t\t\t\t\t<\/a>\n\t\t\t\t\t\t\t<a class=\"e-gallery-item elementor-gallery-item elementor-animated-content\" href=\"https:\/\/quintadeguimaraes.com\/wp-content\/uploads\/2022\/04\/quinta-de-guimaraes-experiencias-na-regiao-00008.jpg\" data-elementor-open-lightbox=\"yes\" data-elementor-lightbox-slideshow=\"fde3b77\" data-elementor-lightbox-title=\"quinta-de-guimaraes-experiencias-na-regiao-00008\" data-e-action-hash=\"#elementor-action%3Aaction%3Dlightbox%26settings%3DeyJpZCI6MjY0NiwidXJsIjoiaHR0cHM6XC9cL3F1aW50YWRlZ3VpbWFyYWVzLmNvbVwvd3AtY29udGVudFwvdXBsb2Fkc1wvMjAyMlwvMDRcL3F1aW50YS1kZS1ndWltYXJhZXMtZXhwZXJpZW5jaWFzLW5hLXJlZ2lhby0wMDAwOC5qcGciLCJzbGlkZXNob3ciOiJmZGUzYjc3In0%3D\">\n\t\t\t\t\t<div class=\"e-gallery-image elementor-gallery-item__image\" data-thumbnail=\"https:\/\/quintadeguimaraes.com\/wp-content\/uploads\/2022\/04\/quinta-de-guimaraes-experiencias-na-regiao-00008-768x512.jpg\" data-width=\"768\" data-height=\"512\" aria-label=\"\" role=\"img\" ><\/div>\n\t\t\t\t\t\t\t\t\t\t\t<div class=\"elementor-gallery-item__overlay\"><\/div>\n\t\t\t\t\t\t\t\t\t\t\t\t\t\t<\/a>\n\t\t\t\t\t\t\t<a class=\"e-gallery-item elementor-gallery-item elementor-animated-content\" href=\"https:\/\/quintadeguimaraes.com\/wp-content\/uploads\/2022\/04\/quinta-de-guimaraes-experiencias-na-regiao-00009.jpg\" data-elementor-open-lightbox=\"yes\" data-elementor-lightbox-slideshow=\"fde3b77\" data-elementor-lightbox-title=\"Food festival with different cheeses and white wine in a vintage restaurant\" data-e-action-hash=\"#elementor-action%3Aaction%3Dlightbox%26settings%3DeyJpZCI6MjY1MCwidXJsIjoiaHR0cHM6XC9cL3F1aW50YWRlZ3VpbWFyYWVzLmNvbVwvd3AtY29udGVudFwvdXBsb2Fkc1wvMjAyMlwvMDRcL3F1aW50YS1kZS1ndWltYXJhZXMtZXhwZXJpZW5jaWFzLW5hLXJlZ2lhby0wMDAwOS5qcGciLCJzbGlkZXNob3ciOiJmZGUzYjc3In0%3D\">\n\t\t\t\t\t<div class=\"e-gallery-image elementor-gallery-item__image\" data-thumbnail=\"https:\/\/quintadeguimaraes.com\/wp-content\/uploads\/2022\/04\/quinta-de-guimaraes-experiencias-na-regiao-00009-768x512.jpg\" data-width=\"768\" data-height=\"512\" aria-label=\"\" role=\"img\" ><\/div>\n\t\t\t\t\t\t\t\t\t\t\t<div class=\"elementor-gallery-item__overlay\"><\/div>\n\t\t\t\t\t\t\t\t\t\t\t\t\t\t<\/a>\n\t\t\t\t\t<\/div>\n\t\t\t\t\t<\/div>\n\t\t\t\t<\/div>\n\t\t\t\t\t<\/div>\n\t\t<\/div>\n\t\t\t\t\t<\/div>\n\t\t<\/section>\n\t\t\t\t<\/div>\n\t\t","protected":false},"excerpt":{"rendered":"","protected":false},"author":2,"featured_media":0,"parent":0,"menu_order":0,"comment_status":"closed","ping_status":"closed","template":"","meta":{"_acf_changed":false,"footnotes":""},"class_list":["post-2482","page","type-page","status-publish","hentry"],"acf":[],"yoast_head":"<!-- This site is optimized with the Yoast SEO plugin v27.5 - https:\/\/yoast.com\/product\/yoast-seo-wordpress\/ -->\n<title>Activit\u00e9s dans la R\u00e9gion - Quinta de Guimar\u00e3es<\/title>\n<meta name=\"description\" content=\"Prenez part aux traditions vivantes et \u00e0 la nature unique de la r\u00e9gion viticole du Douro, tout en cr\u00e9ant des souvenirs pour la vie: promenades en bateau dans le Douro, golf, d\u00e9gustation de vins, plages fluviales, chutes d&#039;eau, villes historiques, etc.\" \/>\n<meta name=\"robots\" content=\"index, follow, max-snippet:-1, max-image-preview:large, max-video-preview:-1\" \/>\n<link rel=\"canonical\" href=\"https:\/\/quintadeguimaraes.com\/experiencias-na-regiao\/\" \/>\n<meta property=\"og:locale\" content=\"fr_FR\" \/>\n<meta property=\"og:type\" content=\"article\" \/>\n<meta property=\"og:title\" content=\"Activit\u00e9s dans la R\u00e9gion - Quinta de Guimar\u00e3es\" \/>\n<meta property=\"og:description\" content=\"Prenez part aux traditions vivantes et \u00e0 la nature unique de la r\u00e9gion viticole du Douro, tout en cr\u00e9ant des souvenirs pour la vie: promenades en bateau dans le Douro, golf, d\u00e9gustation de vins, plages fluviales, chutes d&#039;eau, villes historiques, etc.\" \/>\n<meta property=\"og:url\" content=\"https:\/\/quintadeguimaraes.com\/experiencias-na-regiao\/\" \/>\n<meta property=\"og:site_name\" content=\"Quinta de Guimar\u00e3es\" \/>\n<meta property=\"article:modified_time\" content=\"2022-06-16T14:23:29+00:00\" \/>\n<meta property=\"og:image\" content=\"https:\/\/quintadeguimaraes.com\/wp-content\/uploads\/2023\/07\/QuintadeGuimaraes.jpg\" \/>\n\t<meta property=\"og:image:width\" content=\"1200\" \/>\n\t<meta property=\"og:image:height\" content=\"490\" \/>\n\t<meta property=\"og:image:type\" content=\"image\/jpeg\" \/>\n<meta name=\"twitter:card\" content=\"summary_large_image\" \/>\n<script type=\"application\/ld+json\" class=\"yoast-schema-graph\">{\"@context\":\"https:\\\/\\\/schema.org\",\"@graph\":[{\"@type\":\"WebPage\",\"@id\":\"https:\\\/\\\/quintadeguimaraes.com\\\/experiencias-na-regiao\\\/\",\"url\":\"https:\\\/\\\/quintadeguimaraes.com\\\/experiencias-na-regiao\\\/\",\"name\":\"Activit\u00e9s dans la R\u00e9gion - Quinta de Guimar\u00e3es\",\"isPartOf\":{\"@id\":\"https:\\\/\\\/quintadeguimaraes.com\\\/#website\"},\"datePublished\":\"2022-04-08T13:12:58+00:00\",\"dateModified\":\"2022-06-16T14:23:29+00:00\",\"description\":\"Prenez part aux traditions vivantes et \u00e0 la nature unique de la r\u00e9gion viticole du Douro, tout en cr\u00e9ant des souvenirs pour la vie: promenades en bateau dans le Douro, golf, d\u00e9gustation de vins, plages fluviales, chutes d'eau, villes historiques, etc.\",\"breadcrumb\":{\"@id\":\"https:\\\/\\\/quintadeguimaraes.com\\\/experiencias-na-regiao\\\/#breadcrumb\"},\"inLanguage\":\"fr-FR\",\"potentialAction\":[{\"@type\":\"ReadAction\",\"target\":[\"https:\\\/\\\/quintadeguimaraes.com\\\/experiencias-na-regiao\\\/\"]}]},{\"@type\":\"BreadcrumbList\",\"@id\":\"https:\\\/\\\/quintadeguimaraes.com\\\/experiencias-na-regiao\\\/#breadcrumb\",\"itemListElement\":[{\"@type\":\"ListItem\",\"position\":1,\"name\":\"In\u00edcio\",\"item\":\"https:\\\/\\\/quintadeguimaraes.com\\\/fr\\\/daccueil\\\/\"},{\"@type\":\"ListItem\",\"position\":2,\"name\":\"Activit\u00e9s dans la R\u00e9gion\"}]},{\"@type\":\"WebSite\",\"@id\":\"https:\\\/\\\/quintadeguimaraes.com\\\/#website\",\"url\":\"https:\\\/\\\/quintadeguimaraes.com\\\/\",\"name\":\"Quinta de Guimar\u00e3es\",\"description\":\"Natureza, autenticidade e tradi\u00e7\u00e3o\",\"publisher\":{\"@id\":\"https:\\\/\\\/quintadeguimaraes.com\\\/#organization\"},\"potentialAction\":[{\"@type\":\"SearchAction\",\"target\":{\"@type\":\"EntryPoint\",\"urlTemplate\":\"https:\\\/\\\/quintadeguimaraes.com\\\/?s={search_term_string}\"},\"query-input\":{\"@type\":\"PropertyValueSpecification\",\"valueRequired\":true,\"valueName\":\"search_term_string\"}}],\"inLanguage\":\"fr-FR\"},{\"@type\":\"Organization\",\"@id\":\"https:\\\/\\\/quintadeguimaraes.com\\\/#organization\",\"name\":\"Quinta de Guimar\u00e3es\",\"url\":\"https:\\\/\\\/quintadeguimaraes.com\\\/\",\"logo\":{\"@type\":\"ImageObject\",\"inLanguage\":\"fr-FR\",\"@id\":\"https:\\\/\\\/quintadeguimaraes.com\\\/#\\\/schema\\\/logo\\\/image\\\/\",\"url\":\"https:\\\/\\\/quintadeguimaraes.com\\\/wp-content\\\/uploads\\\/2022\\\/06\\\/quinta-de-guimaraes.png\",\"contentUrl\":\"https:\\\/\\\/quintadeguimaraes.com\\\/wp-content\\\/uploads\\\/2022\\\/06\\\/quinta-de-guimaraes.png\",\"width\":1024,\"height\":720,\"caption\":\"Quinta de Guimar\u00e3es\"},\"image\":{\"@id\":\"https:\\\/\\\/quintadeguimaraes.com\\\/#\\\/schema\\\/logo\\\/image\\\/\"},\"sameAs\":[\"https:\\\/\\\/www.instagram.com\\\/quintadeguimaraes\\\/\"]}]}<\/script>\n<!-- \/ Yoast SEO plugin. -->","yoast_head_json":{"title":"Activit\u00e9s dans la R\u00e9gion - Quinta de Guimar\u00e3es","description":"Prenez part aux traditions vivantes et \u00e0 la nature unique de la r\u00e9gion viticole du Douro, tout en cr\u00e9ant des souvenirs pour la vie: promenades en bateau dans le Douro, golf, d\u00e9gustation de vins, plages fluviales, chutes d'eau, villes historiques, etc.","robots":{"index":"index","follow":"follow","max-snippet":"max-snippet:-1","max-image-preview":"max-image-preview:large","max-video-preview":"max-video-preview:-1"},"canonical":"https:\/\/quintadeguimaraes.com\/experiencias-na-regiao\/","og_locale":"fr_FR","og_type":"article","og_title":"Activit\u00e9s dans la R\u00e9gion - Quinta de Guimar\u00e3es","og_description":"Prenez part aux traditions vivantes et \u00e0 la nature unique de la r\u00e9gion viticole du Douro, tout en cr\u00e9ant des souvenirs pour la vie: promenades en bateau dans le Douro, golf, d\u00e9gustation de vins, plages fluviales, chutes d'eau, villes historiques, etc.","og_url":"https:\/\/quintadeguimaraes.com\/experiencias-na-regiao\/","og_site_name":"Quinta de Guimar\u00e3es","article_modified_time":"2022-06-16T14:23:29+00:00","og_image":[{"width":1200,"height":490,"url":"https:\/\/quintadeguimaraes.com\/wp-content\/uploads\/2023\/07\/QuintadeGuimaraes.jpg","type":"image\/jpeg"}],"twitter_card":"summary_large_image","schema":{"@context":"https:\/\/schema.org","@graph":[{"@type":"WebPage","@id":"https:\/\/quintadeguimaraes.com\/experiencias-na-regiao\/","url":"https:\/\/quintadeguimaraes.com\/experiencias-na-regiao\/","name":"Activit\u00e9s dans la R\u00e9gion - Quinta de Guimar\u00e3es","isPartOf":{"@id":"https:\/\/quintadeguimaraes.com\/#website"},"datePublished":"2022-04-08T13:12:58+00:00","dateModified":"2022-06-16T14:23:29+00:00","description":"Prenez part aux traditions vivantes et \u00e0 la nature unique de la r\u00e9gion viticole du Douro, tout en cr\u00e9ant des souvenirs pour la vie: promenades en bateau dans le Douro, golf, d\u00e9gustation de vins, plages fluviales, chutes d'eau, villes historiques, etc.","breadcrumb":{"@id":"https:\/\/quintadeguimaraes.com\/experiencias-na-regiao\/#breadcrumb"},"inLanguage":"fr-FR","potentialAction":[{"@type":"ReadAction","target":["https:\/\/quintadeguimaraes.com\/experiencias-na-regiao\/"]}]},{"@type":"BreadcrumbList","@id":"https:\/\/quintadeguimaraes.com\/experiencias-na-regiao\/#breadcrumb","itemListElement":[{"@type":"ListItem","position":1,"name":"In\u00edcio","item":"https:\/\/quintadeguimaraes.com\/fr\/daccueil\/"},{"@type":"ListItem","position":2,"name":"Activit\u00e9s dans la R\u00e9gion"}]},{"@type":"WebSite","@id":"https:\/\/quintadeguimaraes.com\/#website","url":"https:\/\/quintadeguimaraes.com\/","name":"Quinta de Guimar\u00e3es","description":"Natureza, autenticidade e tradi\u00e7\u00e3o","publisher":{"@id":"https:\/\/quintadeguimaraes.com\/#organization"},"potentialAction":[{"@type":"SearchAction","target":{"@type":"EntryPoint","urlTemplate":"https:\/\/quintadeguimaraes.com\/?s={search_term_string}"},"query-input":{"@type":"PropertyValueSpecification","valueRequired":true,"valueName":"search_term_string"}}],"inLanguage":"fr-FR"},{"@type":"Organization","@id":"https:\/\/quintadeguimaraes.com\/#organization","name":"Quinta de Guimar\u00e3es","url":"https:\/\/quintadeguimaraes.com\/","logo":{"@type":"ImageObject","inLanguage":"fr-FR","@id":"https:\/\/quintadeguimaraes.com\/#\/schema\/logo\/image\/","url":"https:\/\/quintadeguimaraes.com\/wp-content\/uploads\/2022\/06\/quinta-de-guimaraes.png","contentUrl":"https:\/\/quintadeguimaraes.com\/wp-content\/uploads\/2022\/06\/quinta-de-guimaraes.png","width":1024,"height":720,"caption":"Quinta de Guimar\u00e3es"},"image":{"@id":"https:\/\/quintadeguimaraes.com\/#\/schema\/logo\/image\/"},"sameAs":["https:\/\/www.instagram.com\/quintadeguimaraes\/"]}]}},"_links":{"self":[{"href":"https:\/\/quintadeguimaraes.com\/fr\/wp-json\/wp\/v2\/pages\/2482","targetHints":{"allow":["GET"]}}],"collection":[{"href":"https:\/\/quintadeguimaraes.com\/fr\/wp-json\/wp\/v2\/pages"}],"about":[{"href":"https:\/\/quintadeguimaraes.com\/fr\/wp-json\/wp\/v2\/types\/page"}],"author":[{"embeddable":true,"href":"https:\/\/quintadeguimaraes.com\/fr\/wp-json\/wp\/v2\/users\/2"}],"replies":[{"embeddable":true,"href":"https:\/\/quintadeguimaraes.com\/fr\/wp-json\/wp\/v2\/comments?post=2482"}],"version-history":[{"count":0,"href":"https:\/\/quintadeguimaraes.com\/fr\/wp-json\/wp\/v2\/pages\/2482\/revisions"}],"wp:attachment":[{"href":"https:\/\/quintadeguimaraes.com\/fr\/wp-json\/wp\/v2\/media?parent=2482"}],"curies":[{"name":"wp","href":"https:\/\/api.w.org\/{rel}","templated":true}]}}